{"id":1213,"date":"2020-06-03T15:16:08","date_gmt":"2020-06-03T13:16:08","guid":{"rendered":"https:\/\/quartierjeunes.be\/?page_id=1213"},"modified":"2020-06-26T10:03:07","modified_gmt":"2020-06-26T08:03:07","slug":"min-zhao","status":"publish","type":"page","link":"https:\/\/quartierjeunes.be\/index.php\/qui-sommes-nous\/notre-equipe\/les-membres-de-lorgane-dadministration\/min-zhao\/","title":{"rendered":"Min Zhao"},"content":{"rendered":"\t\t<div data-elementor-type=\"wp-page\" data-elementor-id=\"1213\" class=\"elementor elementor-1213\">\n\t\t\t\t\t\t\t\t\t<section class=\"elementor-section elementor-top-section elementor-element elementor-element-89b4078 elementor-section-boxed elementor-section-height-default elementor-section-height-default\" data-id=\"89b4078\" data-element_type=\"section\">\n\t\t\t\t\t\t<div class=\"elementor-container elementor-column-gap-default\">\n\t\t\t\t\t<div class=\"elementor-column elementor-col-50 elementor-top-column elementor-element elementor-element-735fbfb\" data-id=\"735fbfb\" data-element_type=\"column\">\n\t\t\t<div class=\"elementor-widget-wrap elementor-element-populated\">\n\t\t\t\t\t\t\t\t<div class=\"elementor-element elementor-element-d3f6d12 elementor-widget elementor-widget-button\" data-id=\"d3f6d12\" data-element_type=\"widget\" data-widget_type=\"button.default\">\n\t\t\t\t<div class=\"elementor-widget-container\">\n\t\t\t\t\t<div class=\"elementor-button-wrapper\">\n\t\t\t<a class=\"elementor-button elementor-button-link elementor-size-sm\" href=\"https:\/\/quartierjeunes.be\/index.php\/qui-sommes-nous\/notre-equipe\/les-membres-de-lorgane-dadministration\/lucas-conroux\/\">\n\t\t\t\t\t\t<span class=\"elementor-button-content-wrapper\">\n\t\t\t\t\t\t<span class=\"elementor-button-text\">Pr\u00e9c\u00e9dent<\/span>\n\t\t<\/span>\n\t\t\t\t\t<\/a>\n\t\t<\/div>\n\t\t\t\t<\/div>\n\t\t\t\t<\/div>\n\t\t\t\t\t<\/div>\n\t\t<\/div>\n\t\t\t\t<div class=\"elementor-column elementor-col-50 elementor-top-column elementor-element elementor-element-2b1b7ba\" data-id=\"2b1b7ba\" data-element_type=\"column\">\n\t\t\t<div class=\"elementor-widget-wrap elementor-element-populated\">\n\t\t\t\t\t\t\t\t<div class=\"elementor-element elementor-element-7b1f541 elementor-align-right elementor-widget elementor-widget-button\" data-id=\"7b1f541\" data-element_type=\"widget\" data-widget_type=\"button.default\">\n\t\t\t\t<div class=\"elementor-widget-container\">\n\t\t\t\t\t<div class=\"elementor-button-wrapper\">\n\t\t\t<a class=\"elementor-button elementor-button-link elementor-size-sm\" href=\"https:\/\/quartierjeunes.be\/index.php\/qui-sommes-nous\/notre-equipe\/les-membres-de-lorgane-dadministration\/thomas-lambotte\/\">\n\t\t\t\t\t\t<span class=\"elementor-button-content-wrapper\">\n\t\t\t\t\t\t<span class=\"elementor-button-text\">Cliquez ici<\/span>\n\t\t<\/span>\n\t\t\t\t\t<\/a>\n\t\t<\/div>\n\t\t\t\t<\/div>\n\t\t\t\t<\/div>\n\t\t\t\t\t<\/div>\n\t\t<\/div>\n\t\t\t\t\t\t\t<\/div>\n\t\t<\/section>\n\t\t\t\t<section class=\"elementor-section elementor-top-section elementor-element elementor-element-2337c46c elementor-section-content-middle elementor-section-boxed elementor-section-height-default elementor-section-height-default\" data-id=\"2337c46c\" data-element_type=\"section\">\n\t\t\t\t\t\t<div class=\"elementor-container elementor-column-gap-no\">\n\t\t\t\t\t<div class=\"elementor-column elementor-col-50 elementor-top-column elementor-element elementor-element-232f5657\" data-id=\"232f5657\" data-element_type=\"column\">\n\t\t\t<div class=\"elementor-widget-wrap elementor-element-populated\">\n\t\t\t\t\t\t\t\t<div class=\"elementor-element elementor-element-3cbccec4 elementor-widget elementor-widget-image\" data-id=\"3cbccec4\" data-element_type=\"widget\" data-widget_type=\"image.default\">\n\t\t\t\t<div class=\"elementor-widget-container\">\n\t\t\t\t\t\t\t\t\t\t\t\t\t\t\t<img loading=\"lazy\" decoding=\"async\" width=\"720\" height=\"960\" src=\"https:\/\/quartierjeunes.be\/wp-content\/uploads\/2020\/05\/Min.jpg\" class=\"attachment-full size-full wp-image-927\" alt=\"\" srcset=\"https:\/\/quartierjeunes.be\/wp-content\/uploads\/2020\/05\/Min.jpg 720w, https:\/\/quartierjeunes.be\/wp-content\/uploads\/2020\/05\/Min-225x300.jpg 225w\" sizes=\"(max-width: 720px) 100vw, 720px\" \/>\t\t\t\t\t\t\t\t\t\t\t\t\t\t\t<\/div>\n\t\t\t\t<\/div>\n\t\t\t\t\t<\/div>\n\t\t<\/div>\n\t\t\t\t<div class=\"elementor-column elementor-col-50 elementor-top-column elementor-element elementor-element-68cb141a\" data-id=\"68cb141a\" data-element_type=\"column\">\n\t\t\t<div class=\"elementor-widget-wrap elementor-element-populated\">\n\t\t\t\t\t\t\t\t<div class=\"elementor-element elementor-element-2ddb1c8 elementor-widget elementor-widget-heading\" data-id=\"2ddb1c8\" data-element_type=\"widget\" data-widget_type=\"heading.default\">\n\t\t\t\t<div class=\"elementor-widget-container\">\n\t\t\t<h2 class=\"elementor-heading-title elementor-size-default\">Min Zhao<\/h2>\t\t<\/div>\n\t\t\t\t<\/div>\n\t\t\t\t<div class=\"elementor-element elementor-element-74875d25 elementor-view-default elementor-widget elementor-widget-icon\" data-id=\"74875d25\" data-element_type=\"widget\" data-widget_type=\"icon.default\">\n\t\t\t\t<div class=\"elementor-widget-container\">\n\t\t\t\t\t<div class=\"elementor-icon-wrapper\">\n\t\t\t<div class=\"elementor-icon\">\n\t\t\t\t\t\t\t<i class=\"fa fa-quote-left\" aria-hidden=\"true\"><\/i>\n\t\t\t\t\t\t<\/div>\n\t\t<\/div>\n\t\t\t\t<\/div>\n\t\t\t\t<\/div>\n\t\t\t\t<div class=\"elementor-element elementor-element-6b8a20c6 elementor-widget elementor-widget-text-editor\" data-id=\"6b8a20c6\" data-element_type=\"widget\" data-widget_type=\"text-editor.default\">\n\t\t\t\t<div class=\"elementor-widget-container\">\n\t\t\t\t\t\t\t<p>&#8230;.<\/p>\t\t\t\t\t\t<\/div>\n\t\t\t\t<\/div>\n\t\t\t\t<div class=\"elementor-element elementor-element-5948f4da elementor-widget elementor-widget-heading\" data-id=\"5948f4da\" data-element_type=\"widget\" data-widget_type=\"heading.default\">\n\t\t\t\t<div class=\"elementor-widget-container\">\n\t\t\t<h2 class=\"elementor-heading-title elementor-size-default\">xxx<\/h2>\t\t<\/div>\n\t\t\t\t<\/div>\n\t\t\t\t\t<\/div>\n\t\t<\/div>\n\t\t\t\t\t\t\t<\/div>\n\t\t<\/section>\n\t\t\t\t<section class=\"elementor-section elementor-top-section elementor-element elementor-element-56f7868 elementor-section-boxed elementor-section-height-default elementor-section-height-default\" data-id=\"56f7868\" data-element_type=\"section\">\n\t\t\t\t\t\t<div class=\"elementor-container elementor-column-gap-default\">\n\t\t\t\t\t<div class=\"elementor-column elementor-col-100 elementor-top-column elementor-element elementor-element-d9db394\" data-id=\"d9db394\" data-element_type=\"column\">\n\t\t\t<div class=\"elementor-widget-wrap elementor-element-populated\">\n\t\t\t\t\t\t\t\t<div class=\"elementor-element elementor-element-a5b2293 elementor-widget elementor-widget-text-editor\" data-id=\"a5b2293\" data-element_type=\"widget\" data-widget_type=\"text-editor.default\">\n\t\t\t\t<div class=\"elementor-widget-container\">\n\t\t\t\t\t\t\t<div class=\"jn8vp64t l9j0dhe7 hpfvmrgz lzcic4wl\" tabindex=\"0\" role=\"gridcell\" data-scope=\"messages_table\"><div class=\"g5ia77u1 ii04i59q\" data-testid=\"messenger_incoming_text_row\"><div class=\"l60d2q6s d1544ag0 sj5x9vvc tw6a2znq l9j0dhe7 ni8dbmo4 stjgntxs qlfml3jp inkptoze e72ty7fz qmr60zad jm1wdb64 qv66sw1b ljqsnud1 g6srhlxm\"><div class=\"oo9gr5id\"><div class=\"kvgmc6g5 cxmmr5t8 oygrvhab hcukyx3x c1et5uql\"><div dir=\"auto\">Bonjour a\u0300 tous ! Je m\u2019appelle Min Zhao, j\u2019ai 20 ans et je suis tr\u00e8s heureuse de pouvoir faire partie des membres de l\u2019OA du QJ.<\/div><div dir=\"auto\">\u00a0<\/div><div dir=\"auto\">Pourquoi devenir un membre de l\u2019OA, me demanderez-vous?<\/div><div dir=\"auto\">\u00a0<\/div><div dir=\"auto\">La r\u00e9ponse est toute simple.<\/div><div dir=\"auto\">\u00a0<\/div><div dir=\"auto\">Tout d\u2019abord je ne savais pas ce que j\u2019allais faire de la petite Min toute timide qui essayait de faire surface. C\u2019est l\u00e0 que j\u2019ai eu l\u2019opportunit\u00e9 de faire un stage de 2 semaines dans un centre de jeunes ou j\u2019ai \u00e9t\u00e9 tr\u00e8s bien accueillie et o\u00f9 j\u2019ai appris beaucoup de choses.<\/div><div dir=\"auto\">\u00a0<\/div><div dir=\"auto\">Devinez quoi?<\/div><div dir=\"auto\">\u00a0<\/div><div dir=\"auto\">La petite Min dont je vous ai parl\u00e9 tout a\u0300 l\u2019heure a \u00e9norm\u00e9ment grandi et a d\u00e9cid\u00e9 de continuer a\u0300 aller vers les autres m\u00eame si elle est timide ! Donc quand j\u2019ai appris qu\u2019il y avait le QJ qui apparaissait a\u0300 Beauraing, j\u2019\u00e9tais plut\u00f4t contente et quand Val\u00e9rie m\u2019a propos\u00e9 de devenir un administrateur, la petite Min devenue grande a e\u0301te\u0301 d\u2019accord avec moi !<\/div><\/div><div class=\"o9v6fnle cxmmr5t8 oygrvhab hcukyx3x c1et5uql\"><div dir=\"auto\">\u00a0<\/div><div dir=\"auto\">Ha\u0302te de vous rencontrer et a\u0300 biento\u0302t au QJ !<\/div><\/div><\/div><\/div><\/div><\/div><div>\u00a0<\/div><div>\u00a0<\/div>\t\t\t\t\t\t<\/div>\n\t\t\t\t<\/div>\n\t\t\t\t\t<\/div>\n\t\t<\/div>\n\t\t\t\t\t\t\t<\/div>\n\t\t<\/section>\n\t\t\t\t\t\t\t<\/div>\n\t\t","protected":false},"excerpt":{"rendered":"<p>Pr\u00e9c\u00e9dent Cliquez ici Min Zhao &#8230;. xxx Bonjour a\u0300 tous ! Je m\u2019appelle Min Zhao, j\u2019ai 20 ans et je suis tr\u00e8s heureuse de pouvoir faire partie des membres de l\u2019OA du QJ.\u00a0Pourquoi devenir un membre de l\u2019OA, me demanderez-vous?\u00a0La r\u00e9ponse est toute simple.\u00a0Tout d\u2019abord je ne savais pas ce que j\u2019allais faire de la [&hellip;]<\/p>\n","protected":false},"author":1,"featured_media":0,"parent":785,"menu_order":0,"comment_status":"closed","ping_status":"closed","template":"elementor_canvas","meta":{"footnotes":""},"_links":{"self":[{"href":"https:\/\/quartierjeunes.be\/index.php\/wp-json\/wp\/v2\/pages\/1213"}],"collection":[{"href":"https:\/\/quartierjeunes.be\/index.php\/wp-json\/wp\/v2\/pages"}],"about":[{"href":"https:\/\/quartierjeunes.be\/index.php\/wp-json\/wp\/v2\/types\/page"}],"author":[{"embeddable":true,"href":"https:\/\/quartierjeunes.be\/index.php\/wp-json\/wp\/v2\/users\/1"}],"replies":[{"embeddable":true,"href":"https:\/\/quartierjeunes.be\/index.php\/wp-json\/wp\/v2\/comments?post=1213"}],"version-history":[{"count":8,"href":"https:\/\/quartierjeunes.be\/index.php\/wp-json\/wp\/v2\/pages\/1213\/revisions"}],"predecessor-version":[{"id":1263,"href":"https:\/\/quartierjeunes.be\/index.php\/wp-json\/wp\/v2\/pages\/1213\/revisions\/1263"}],"up":[{"embeddable":true,"href":"https:\/\/quartierjeunes.be\/index.php\/wp-json\/wp\/v2\/pages\/785"}],"wp:attachment":[{"href":"https:\/\/quartierjeunes.be\/index.php\/wp-json\/wp\/v2\/media?parent=1213"}],"curies":[{"name":"wp","href":"https:\/\/api.w.org\/{rel}","templated":true}]}}