{"id":1570,"date":"2024-01-08T15:19:32","date_gmt":"2024-01-08T14:19:32","guid":{"rendered":"https:\/\/quartierjeunes.be\/?page_id=1570"},"modified":"2024-03-09T09:00:58","modified_gmt":"2024-03-09T08:00:58","slug":"1570-2","status":"publish","type":"page","link":"https:\/\/quartierjeunes.be\/index.php\/1570-2\/","title":{"rendered":"Les Accueils"},"content":{"rendered":"\t\t<div data-elementor-type=\"wp-page\" data-elementor-id=\"1570\" class=\"elementor elementor-1570\">\n\t\t\t\t\t\t\t\t\t<section class=\"elementor-section elementor-top-section elementor-element elementor-element-6b5dbcb3 elementor-section-content-middle elementor-section-boxed elementor-section-height-default elementor-section-height-default\" data-id=\"6b5dbcb3\" data-element_type=\"section\" data-settings=\"{&quot;background_background&quot;:&quot;classic&quot;}\">\n\t\t\t\t\t\t<div class=\"elementor-container elementor-column-gap-no\">\n\t\t\t\t\t<div class=\"elementor-column elementor-col-50 elementor-top-column elementor-element elementor-element-fdf204a\" data-id=\"fdf204a\" data-element_type=\"column\">\n\t\t\t<div class=\"elementor-widget-wrap elementor-element-populated\">\n\t\t\t\t\t\t\t\t<div class=\"elementor-element elementor-element-8c8622f elementor-widget elementor-widget-image\" data-id=\"8c8622f\" data-element_type=\"widget\" data-widget_type=\"image.default\">\n\t\t\t\t<div class=\"elementor-widget-container\">\n\t\t\t\t\t\t\t\t\t\t\t\t\t\t\t<img loading=\"lazy\" decoding=\"async\" width=\"768\" height=\"1024\" src=\"https:\/\/quartierjeunes.be\/wp-content\/uploads\/2023\/07\/calecheauxames-1-768x1024.jpg\" class=\"attachment-large size-large wp-image-1475\" alt=\"\" srcset=\"https:\/\/quartierjeunes.be\/wp-content\/uploads\/2023\/07\/calecheauxames-1-768x1023.jpg 768w, https:\/\/quartierjeunes.be\/wp-content\/uploads\/2023\/07\/calecheauxames-1-225x300.jpg 225w, https:\/\/quartierjeunes.be\/wp-content\/uploads\/2023\/07\/calecheauxames-1-1153x1536.jpg 1153w, https:\/\/quartierjeunes.be\/wp-content\/uploads\/2023\/07\/calecheauxames-1.jpg 1200w\" sizes=\"(max-width: 768px) 100vw, 768px\" \/>\t\t\t\t\t\t\t\t\t\t\t\t\t\t\t<\/div>\n\t\t\t\t<\/div>\n\t\t\t\t\t<\/div>\n\t\t<\/div>\n\t\t\t\t<div class=\"elementor-column elementor-col-50 elementor-top-column elementor-element elementor-element-1582df78\" data-id=\"1582df78\" data-element_type=\"column\">\n\t\t\t<div class=\"elementor-widget-wrap elementor-element-populated\">\n\t\t\t\t\t\t\t\t<div class=\"elementor-element elementor-element-48554781 elementor-widget elementor-widget-heading\" data-id=\"48554781\" data-element_type=\"widget\" data-widget_type=\"heading.default\">\n\t\t\t\t<div class=\"elementor-widget-container\">\n\t\t\t<h4 class=\"elementor-heading-title elementor-size-default\">Les Accueils<\/h4>\t\t<\/div>\n\t\t\t\t<\/div>\n\t\t\t\t<div class=\"elementor-element elementor-element-2ad78028 elementor-widget__width-initial elementor-widget elementor-widget-text-editor\" data-id=\"2ad78028\" data-element_type=\"widget\" data-widget_type=\"text-editor.default\">\n\t\t\t\t<div class=\"elementor-widget-container\">\n\t\t\t\t\t\t\t<h1 style=\"text-align: center;\"><span style=\"color: #ff0000;\"><strong>Horaire :<\/strong><\/span><\/h1>\n<p style=\"text-align: center;\"><strong>Lundi : 11h &#8211; 18h<\/strong><\/p>\n<div>\n<p style=\"text-align: center;\"><strong>Mardi : 11h &#8211; 18h<\/strong><\/p>\n<p style=\"text-align: center;\"><strong>Mercredi : 11h &#8211; 13h et 16h-18h<br \/><\/strong><\/p>\n<p style=\"text-align: center;\"><strong>Jeudi : 11h &#8211; 18h<\/strong><\/p>\n<p style=\"text-align: center;\"><strong>Vendredi : 11h -21h<\/strong><\/p>\n<\/div>\t\t\t\t\t\t<\/div>\n\t\t\t\t<\/div>\n\t\t\t\t\t<\/div>\n\t\t<\/div>\n\t\t\t\t\t\t\t<\/div>\n\t\t<\/section>\n\t\t\t\t<section class=\"elementor-section elementor-top-section elementor-element elementor-element-5643b47c elementor-section-boxed elementor-section-height-default elementor-section-height-default\" data-id=\"5643b47c\" data-element_type=\"section\">\n\t\t\t\t\t\t<div class=\"elementor-container elementor-column-gap-default\">\n\t\t\t\t\t<div class=\"elementor-column elementor-col-100 elementor-top-column elementor-element elementor-element-726c9691\" data-id=\"726c9691\" data-element_type=\"column\">\n\t\t\t<div class=\"elementor-widget-wrap elementor-element-populated\">\n\t\t\t\t\t\t\t\t<div class=\"elementor-element elementor-element-5056012a elementor-widget elementor-widget-image\" data-id=\"5056012a\" data-element_type=\"widget\" data-widget_type=\"image.default\">\n\t\t\t\t<div class=\"elementor-widget-container\">\n\t\t\t\t\t\t\t\t\t\t\t\t\t\t\t<img loading=\"lazy\" decoding=\"async\" width=\"768\" height=\"576\" src=\"https:\/\/quartierjeunes.be\/wp-content\/uploads\/2024\/01\/accueil-768x576.jpg\" class=\"attachment-medium_large size-medium_large wp-image-1571\" alt=\"\" srcset=\"https:\/\/quartierjeunes.be\/wp-content\/uploads\/2024\/01\/accueil-768x576.jpg 768w, https:\/\/quartierjeunes.be\/wp-content\/uploads\/2024\/01\/accueil-300x225.jpg 300w, https:\/\/quartierjeunes.be\/wp-content\/uploads\/2024\/01\/accueil-1024x768.jpg 1024w, https:\/\/quartierjeunes.be\/wp-content\/uploads\/2024\/01\/accueil-1536x1152.jpg 1536w, https:\/\/quartierjeunes.be\/wp-content\/uploads\/2024\/01\/accueil.jpg 2048w\" sizes=\"(max-width: 768px) 100vw, 768px\" \/>\t\t\t\t\t\t\t\t\t\t\t\t\t\t\t<\/div>\n\t\t\t\t<\/div>\n\t\t\t\t<div class=\"elementor-element elementor-element-3e2fa740 elementor-widget elementor-widget-text-editor\" data-id=\"3e2fa740\" data-element_type=\"widget\" data-widget_type=\"text-editor.default\">\n\t\t\t\t<div class=\"elementor-widget-container\">\n\t\t\t\t\t\t\t<p><!-- wp:image {\"align\":\"center\",\"id\":1571,\"width\":619,\"height\":464,\"style\":{\"color\":{}},\"className\":\"is-style-rounded\"} --><\/p>\n<p><!-- \/wp:image --><!-- wp:paragraph --><\/p>\n<p><!-- \/wp:paragraph --><!-- wp:paragraph --><\/p>\n<h2>Envie de vous poser, de vous d\u00e9tendre, de vous retrouver entre copains ? Le QJ vous est ouvert ! Retrouvez le programme ici !<\/h2>\n<p>Le QJ est un endroit convivial ouvert \u00e0 tous les jeunes de 12 \u00e0 26 ans dans des horaires d\u00e9termin\u00e9s.<\/p>\n<p>\u00a0<\/p>\n<h1 style=\"text-align: left;\"><strong>Un endroit de libert\u00e9 encadr\u00e9e<\/strong><\/h1>\n<p>Le local du QJ est un patchwork avec plein de petits espaces que l\u2019on peut r\u00e9inventer \u00e0 sa guise car son but est de donner aux jeunes, venant seuls ou avec des copains, la possibilit\u00e9 de faire ce qui leur plait et\/ou ce dont ils ont besoin : se d\u00e9tendre, lire, discuter, partager un jeu, faire ses devoirs, cr\u00e9er (peindre, jouer de la musique, danser, \u00e9crire\u2026), participer \u00e0 des activit\u00e9s ponctuelles propos\u00e9es, etc. L\u2019accueil du QJ est ainsi un endroit de libert\u00e9 pour les jeunes, qui sont invit\u00e9s \u00e0 s\u2019approprier le lieu, \u00e0 le faire vivre, \u00e9voluer et \u00e0 l&rsquo;entretenir afin qu&rsquo;il demeure un lieu agr\u00e9able et s\u00e9cure.<\/p>\n<p>Il dispose de coins salon, d\u2019un coin lecture, d\u2019un billard, de tables, d\u2019un bar Oxfam o\u00f9 sont vendus quelques en-cas \u00e9quitables, \u2026 ; des romans, des BD, du mat\u00e9riel de dessin et de bricolage, des jeux de soci\u00e9t\u00e9 et de cartes et m\u00eames quelques instruments de musique sont mis \u00e0 disposition du public.<\/p>\n<p>Un animateur proposera des jeux d\u2019int\u00e9rieur et\/ou d\u2019ext\u00e9rieur:\u00a0 kicker, football, base-ball, cuisine, musique, dessins, \u2026<\/p>\n<p><!-- \/wp:paragraph --><!-- wp:paragraph --><\/p>\n<p>Une animation est pr\u00e9vue chaque mercredi apr\u00e8s-midi, vendredi soir.<\/p>\n<p><strong>Consulter ICI notre agenda bimensuel.<\/strong><\/p>\n<h1><strong>Un lieu de rencontre<\/strong><\/h1>\n<p>Le QJ est aussi un endroit de rencontre o\u00f9 se c\u00f4toient des jeunes d\u2019univers et d\u2019\u00e2ges diff\u00e9rents, ce qui encourage naturellement l\u2019apprentissage du vivre-ensemble, l\u2019entraide, l\u2019enrichissement mutuel. Les accueils sont donc aussi le moment de d\u00e9battre, de discuter en groupe de projets \u00e0 venir et en cours, de montrer son envie de s\u2019investir dans le fonctionnement de l&rsquo;ASBL.<\/p>\n<h1><strong>Un endroit de responsabilisation<\/strong><\/h1>\n<p>Lors des accueils, au moins un.e animateur.rice est toujours pr\u00e9sent.e pour discuter avec les jeunes, pour les encourager dans leurs projets personnels et ouvrir \u00e0 la cr\u00e9ativit\u00e9, pour les aider selon leurs besoins et leur \u00e2ge et pour les responsabiliser dans la libert\u00e9 qui leur est accord\u00e9e : responsabilit\u00e9s par rapport \u00e0 la bonne harmonie du groupe, responsabilit\u00e9s par rapport au local mis \u00e0 disposition, responsabilit\u00e9s par rapport \u00e0 ses propres actions.<\/p>\n<h1><strong>Un lieu d&rsquo;information<\/strong><\/h1>\n<h2>Des permanences d&rsquo;autres services jeunesse : <\/h2>\n<p>\u00a0<\/p>\n<p><!-- \/wp:paragraph --><!-- wp:paragraph --><!-- \/wp:paragraph --><!-- wp:paragraph --><!-- \/wp:group --><!-- wp:paragraph --><!-- \/wp:paragraph --><!-- wp:gallery {\"linkTo\":\"none\"} --><\/p>\n<figure><!-- wp:image {\"id\":1572,\"sizeSlug\":\"large\",\"linkDestination\":\"none\",\"className\":\"is-style-rounded\"} -->\n<p>\u00a0<\/p>\n<p><!-- \/wp:image --><!-- wp:image {\"id\":1573,\"sizeSlug\":\"large\",\"linkDestination\":\"none\",\"className\":\"is-style-rounded\"} --><\/p>\n<p><!-- \/wp:image --><!-- wp:image {\"id\":1574,\"sizeSlug\":\"large\",\"linkDestination\":\"none\",\"className\":\"is-style-rounded\"} --><\/p>\n<figure><\/figure>\n<p><!-- \/wp:image --><\/p>\n<\/figure>\n<p><!-- \/wp:gallery --><\/p>\n<p>\u00a0<\/p>\t\t\t\t\t\t<\/div>\n\t\t\t\t<\/div>\n\t\t\t\t<div class=\"elementor-element elementor-element-f1b791c elementor-widget elementor-widget-image\" data-id=\"f1b791c\" data-element_type=\"widget\" data-widget_type=\"image.default\">\n\t\t\t\t<div class=\"elementor-widget-container\">\n\t\t\t\t\t\t\t\t\t\t\t\t\t\t\t<img loading=\"lazy\" decoding=\"async\" width=\"768\" height=\"543\" src=\"https:\/\/quartierjeunes.be\/wp-content\/uploads\/2024\/03\/Affiche-QJ-Perm-2024-768x543.png\" class=\"attachment-medium_large size-medium_large wp-image-2284\" alt=\"\" srcset=\"https:\/\/quartierjeunes.be\/wp-content\/uploads\/2024\/03\/Affiche-QJ-Perm-2024-768x543.png 768w, https:\/\/quartierjeunes.be\/wp-content\/uploads\/2024\/03\/Affiche-QJ-Perm-2024-300x212.png 300w, https:\/\/quartierjeunes.be\/wp-content\/uploads\/2024\/03\/Affiche-QJ-Perm-2024-1024x724.png 1024w, https:\/\/quartierjeunes.be\/wp-content\/uploads\/2024\/03\/Affiche-QJ-Perm-2024-1536x1086.png 1536w, https:\/\/quartierjeunes.be\/wp-content\/uploads\/2024\/03\/Affiche-QJ-Perm-2024.png 2000w\" sizes=\"(max-width: 768px) 100vw, 768px\" \/>\t\t\t\t\t\t\t\t\t\t\t\t\t\t\t<\/div>\n\t\t\t\t<\/div>\n\t\t\t\t<div class=\"elementor-element elementor-element-b123923 elementor-widget elementor-widget-image\" data-id=\"b123923\" data-element_type=\"widget\" data-widget_type=\"image.default\">\n\t\t\t\t<div class=\"elementor-widget-container\">\n\t\t\t\t\t\t\t\t\t\t\t\t\t\t\t<img loading=\"lazy\" decoding=\"async\" width=\"155\" height=\"151\" src=\"https:\/\/quartierjeunes.be\/wp-content\/uploads\/2024\/02\/cidj.webp\" class=\"attachment-large size-large wp-image-2106\" alt=\"\" \/>\t\t\t\t\t\t\t\t\t\t\t\t\t\t\t<\/div>\n\t\t\t\t<\/div>\n\t\t\t\t<div class=\"elementor-element elementor-element-623d06f elementor-widget elementor-widget-image\" data-id=\"623d06f\" data-element_type=\"widget\" data-widget_type=\"image.default\">\n\t\t\t\t<div class=\"elementor-widget-container\">\n\t\t\t\t\t\t\t\t\t\t\t\t\t\t\t<img loading=\"lazy\" decoding=\"async\" width=\"150\" height=\"150\" src=\"https:\/\/quartierjeunes.be\/wp-content\/uploads\/2024\/02\/Autre-sens-150x150.jpg\" class=\"attachment-thumbnail size-thumbnail wp-image-2099\" alt=\"\" srcset=\"https:\/\/quartierjeunes.be\/wp-content\/uploads\/2024\/02\/Autre-sens-150x150.jpg 150w, https:\/\/quartierjeunes.be\/wp-content\/uploads\/2024\/02\/Autre-sens-300x300.jpg 300w, https:\/\/quartierjeunes.be\/wp-content\/uploads\/2024\/02\/Autre-sens.jpg 320w\" sizes=\"(max-width: 150px) 100vw, 150px\" \/>\t\t\t\t\t\t\t\t\t\t\t\t\t\t\t<\/div>\n\t\t\t\t<\/div>\n\t\t\t\t<div class=\"elementor-element elementor-element-c825376 elementor-widget-divider--view-line elementor-widget elementor-widget-divider\" data-id=\"c825376\" data-element_type=\"widget\" data-widget_type=\"divider.default\">\n\t\t\t\t<div class=\"elementor-widget-container\">\n\t\t\t\t\t<div class=\"elementor-divider\">\n\t\t\t<span class=\"elementor-divider-separator\">\n\t\t\t\t\t\t<\/span>\n\t\t<\/div>\n\t\t\t\t<\/div>\n\t\t\t\t<\/div>\n\t\t\t\t<div class=\"elementor-element elementor-element-4262270 elementor-arrows-position-inside elementor-pagination-position-outside elementor-widget elementor-widget-image-carousel\" data-id=\"4262270\" data-element_type=\"widget\" data-settings=\"{&quot;navigation&quot;:&quot;both&quot;,&quot;autoplay&quot;:&quot;yes&quot;,&quot;pause_on_hover&quot;:&quot;yes&quot;,&quot;pause_on_interaction&quot;:&quot;yes&quot;,&quot;autoplay_speed&quot;:5000,&quot;infinite&quot;:&quot;yes&quot;,&quot;speed&quot;:500}\" data-widget_type=\"image-carousel.default\">\n\t\t\t\t<div class=\"elementor-widget-container\">\n\t\t\t\t\t<div class=\"elementor-image-carousel-wrapper swiper-container\" dir=\"ltr\">\n\t\t\t<div class=\"elementor-image-carousel swiper-wrapper\" aria-live=\"off\">\n\t\t\t\t\t\t\t\t<div class=\"swiper-slide\" role=\"group\" aria-roledescription=\"slide\" aria-label=\"1 sur 7\"><figure class=\"swiper-slide-inner\"><img decoding=\"async\" class=\"swiper-slide-image\" src=\"https:\/\/quartierjeunes.be\/wp-content\/uploads\/2024\/02\/426130831_769281217978394_8566260327949679323_n-150x150.jpg\" alt=\"Peer Learning\" \/><\/figure><\/div><div class=\"swiper-slide\" role=\"group\" aria-roledescription=\"slide\" aria-label=\"2 sur 7\"><figure class=\"swiper-slide-inner\"><img decoding=\"async\" class=\"swiper-slide-image\" src=\"https:\/\/quartierjeunes.be\/wp-content\/uploads\/2024\/02\/416661731_762948752426895_766838007889612027_n-150x150.jpg\" alt=\"Game\" \/><\/figure><\/div><div class=\"swiper-slide\" role=\"group\" aria-roledescription=\"slide\" aria-label=\"3 sur 7\"><figure class=\"swiper-slide-inner\"><img decoding=\"async\" class=\"swiper-slide-image\" src=\"https:\/\/quartierjeunes.be\/wp-content\/uploads\/2024\/02\/426146177_345635738474112_5295254904927842168_n-150x150.jpg\" alt=\"426146177_345635738474112_5295254904927842168_n\" \/><\/figure><\/div><div class=\"swiper-slide\" role=\"group\" aria-roledescription=\"slide\" aria-label=\"4 sur 7\"><figure class=\"swiper-slide-inner\"><img decoding=\"async\" class=\"swiper-slide-image\" src=\"https:\/\/quartierjeunes.be\/wp-content\/uploads\/2024\/02\/IMG_20220921_141415-150x150.jpg\" alt=\"IMG_20220921_141415\" \/><\/figure><\/div><div class=\"swiper-slide\" role=\"group\" aria-roledescription=\"slide\" aria-label=\"5 sur 7\"><figure class=\"swiper-slide-inner\"><img decoding=\"async\" class=\"swiper-slide-image\" src=\"https:\/\/quartierjeunes.be\/wp-content\/uploads\/2024\/03\/gregouze-150x150.jpg\" alt=\"gregouze\" \/><\/figure><\/div><div class=\"swiper-slide\" role=\"group\" aria-roledescription=\"slide\" aria-label=\"6 sur 7\"><figure class=\"swiper-slide-inner\"><img decoding=\"async\" class=\"swiper-slide-image\" src=\"https:\/\/quartierjeunes.be\/wp-content\/uploads\/2024\/03\/416661731_762948752426895_766838007889612027_n-150x150.jpg\" alt=\"416661731_762948752426895_766838007889612027_n\" \/><\/figure><\/div><div class=\"swiper-slide\" role=\"group\" aria-roledescription=\"slide\" aria-label=\"7 sur 7\"><figure class=\"swiper-slide-inner\"><img decoding=\"async\" class=\"swiper-slide-image\" src=\"https:\/\/quartierjeunes.be\/wp-content\/uploads\/2024\/03\/426146065_660844989387708_1757245325226812379_n-150x150.jpg\" alt=\"426146065_660844989387708_1757245325226812379_n\" \/><\/figure><\/div>\t\t\t<\/div>\n\t\t\t\t\t\t\t\t\t\t\t\t<div class=\"elementor-swiper-button elementor-swiper-button-prev\" role=\"button\" tabindex=\"0\">\n\t\t\t\t\t\t<i aria-hidden=\"true\" class=\"eicon-chevron-left\"><\/i>\t\t\t\t\t<\/div>\n\t\t\t\t\t<div class=\"elementor-swiper-button elementor-swiper-button-next\" role=\"button\" tabindex=\"0\">\n\t\t\t\t\t\t<i aria-hidden=\"true\" class=\"eicon-chevron-right\"><\/i>\t\t\t\t\t<\/div>\n\t\t\t\t\n\t\t\t\t\t\t\t\t\t<div class=\"swiper-pagination\"><\/div>\n\t\t\t\t\t\t\t\t\t<\/div>\n\t\t\t\t<\/div>\n\t\t\t\t<\/div>\n\t\t\t\t\t<\/div>\n\t\t<\/div>\n\t\t\t\t\t\t\t<\/div>\n\t\t<\/section>\n\t\t\t\t<section class=\"elementor-section elementor-top-section elementor-element elementor-element-b4841b7 elementor-section-boxed elementor-section-height-default elementor-section-height-default\" data-id=\"b4841b7\" data-element_type=\"section\">\n\t\t\t\t\t\t<div class=\"elementor-container elementor-column-gap-default\">\n\t\t\t\t\t<div class=\"elementor-column elementor-col-100 elementor-top-column elementor-element elementor-element-18b773e\" data-id=\"18b773e\" data-element_type=\"column\">\n\t\t\t<div class=\"elementor-widget-wrap\">\n\t\t\t\t\t\t\t\t\t<\/div>\n\t\t<\/div>\n\t\t\t\t\t\t\t<\/div>\n\t\t<\/section>\n\t\t\t\t\t\t\t<\/div>\n\t\t","protected":false},"excerpt":{"rendered":"<p>Les Accueils Horaire : Lundi : 11h &#8211; 18h Mardi : 11h &#8211; 18h Mercredi : 11h &#8211; 13h et 16h-18h Jeudi : 11h &#8211; 18h Vendredi : 11h -21h Envie de vous poser, de vous d\u00e9tendre, de vous retrouver entre copains ? Le QJ vous est ouvert ! Retrouvez le programme ici ! Le [&hellip;]<\/p>\n","protected":false},"author":1,"featured_media":0,"parent":0,"menu_order":0,"comment_status":"closed","ping_status":"closed","template":"","meta":{"footnotes":""},"_links":{"self":[{"href":"https:\/\/quartierjeunes.be\/index.php\/wp-json\/wp\/v2\/pages\/1570"}],"collection":[{"href":"https:\/\/quartierjeunes.be\/index.php\/wp-json\/wp\/v2\/pages"}],"about":[{"href":"https:\/\/quartierjeunes.be\/index.php\/wp-json\/wp\/v2\/types\/page"}],"author":[{"embeddable":true,"href":"https:\/\/quartierjeunes.be\/index.php\/wp-json\/wp\/v2\/users\/1"}],"replies":[{"embeddable":true,"href":"https:\/\/quartierjeunes.be\/index.php\/wp-json\/wp\/v2\/comments?post=1570"}],"version-history":[{"count":104,"href":"https:\/\/quartierjeunes.be\/index.php\/wp-json\/wp\/v2\/pages\/1570\/revisions"}],"predecessor-version":[{"id":2319,"href":"https:\/\/quartierjeunes.be\/index.php\/wp-json\/wp\/v2\/pages\/1570\/revisions\/2319"}],"wp:attachment":[{"href":"https:\/\/quartierjeunes.be\/index.php\/wp-json\/wp\/v2\/media?parent=1570"}],"curies":[{"name":"wp","href":"https:\/\/api.w.org\/{rel}","templated":true}]}}