{"id":207,"date":"2019-09-21T18:39:35","date_gmt":"2019-09-21T16:39:35","guid":{"rendered":"http:\/\/quartierjeunes.be\/?page_id=207"},"modified":"2020-05-10T17:44:56","modified_gmt":"2020-05-10T15:44:56","slug":"ateliers","status":"publish","type":"page","link":"https:\/\/quartierjeunes.be\/index.php\/elementor-495\/ateliers\/","title":{"rendered":"Ateliers"},"content":{"rendered":"\t\t<div data-elementor-type=\"wp-post\" data-elementor-id=\"207\" class=\"elementor elementor-207\">\n\t\t\t\t\t\t\t\t\t<section class=\"elementor-section elementor-top-section elementor-element elementor-element-045907d elementor-section-boxed elementor-section-height-default elementor-section-height-default\" data-id=\"045907d\" data-element_type=\"section\">\n\t\t\t\t\t\t<div class=\"elementor-container elementor-column-gap-default\">\n\t\t\t\t\t<div class=\"elementor-column elementor-col-100 elementor-top-column elementor-element elementor-element-dcea1a4\" data-id=\"dcea1a4\" data-element_type=\"column\">\n\t\t\t<div class=\"elementor-widget-wrap elementor-element-populated\">\n\t\t\t\t\t\t\t\t<div class=\"elementor-element elementor-element-4401019 elementor-widget elementor-widget-text-editor\" data-id=\"4401019\" data-element_type=\"widget\" data-widget_type=\"text-editor.default\">\n\t\t\t\t<div class=\"elementor-widget-container\">\n\t\t\t\t\t\t\t<p>Les ateliers du QJ permettent aux jeunes de d\u00e9velopper \u00e0 la fois leur bien-\u00eatre, leur cr\u00e9ativit\u00e9 et leur esprit critique et citoyen. <\/p><p>Certains ateliers auront pour but de d\u00e9velopper, sous l\u2019impulsion des participants, des projets concrets qui leur ressemblent. D&rsquo;autres offriront plus simplement un cadre dans lequel les jeunes pourront d\u00e9couvrir, partager et pratiquer ensemble un centre d\u2019int\u00e9r\u00eat commun. <\/p><p>Si les objectifs poursuivis sont les m\u00eames, les m\u00e9diums diff\u00e8reront en fonction des envies et go\u00fbts de chacun.<\/p><p>\u00a0<\/p>\t\t\t\t\t\t<\/div>\n\t\t\t\t<\/div>\n\t\t\t\t\t<\/div>\n\t\t<\/div>\n\t\t\t\t\t\t\t<\/div>\n\t\t<\/section>\n\t\t\t\t<section class=\"elementor-section elementor-top-section elementor-element elementor-element-1c03fe2 elementor-section-boxed elementor-section-height-default elementor-section-height-default\" data-id=\"1c03fe2\" data-element_type=\"section\">\n\t\t\t\t\t\t<div class=\"elementor-container elementor-column-gap-default\">\n\t\t\t\t\t<div class=\"elementor-column elementor-col-100 elementor-top-column elementor-element elementor-element-e5924e1\" data-id=\"e5924e1\" data-element_type=\"column\">\n\t\t\t<div class=\"elementor-widget-wrap elementor-element-populated\">\n\t\t\t\t\t\t\t\t<div class=\"elementor-element elementor-element-7de0969 elementor-widget elementor-widget-text-editor\" data-id=\"7de0969\" data-element_type=\"widget\" data-widget_type=\"text-editor.default\">\n\t\t\t\t<div class=\"elementor-widget-container\">\n\t\t\t\t\t\t\t<p style=\"text-align: center;\">&#8230;<\/p>\t\t\t\t\t\t<\/div>\n\t\t\t\t<\/div>\n\t\t\t\t\t<\/div>\n\t\t<\/div>\n\t\t\t\t\t\t\t<\/div>\n\t\t<\/section>\n\t\t\t\t<section class=\"elementor-section elementor-top-section elementor-element elementor-element-1fdd598 elementor-section-boxed elementor-section-height-default elementor-section-height-default\" data-id=\"1fdd598\" data-element_type=\"section\">\n\t\t\t\t\t\t<div class=\"elementor-container elementor-column-gap-default\">\n\t\t\t\t\t<div class=\"elementor-column elementor-col-33 elementor-top-column elementor-element elementor-element-1cddb58\" data-id=\"1cddb58\" data-element_type=\"column\">\n\t\t\t<div class=\"elementor-widget-wrap elementor-element-populated\">\n\t\t\t\t\t\t\t\t<div class=\"elementor-element elementor-element-91cfed0 elementor-widget elementor-widget-image\" data-id=\"91cfed0\" data-element_type=\"widget\" data-widget_type=\"image.default\">\n\t\t\t\t<div class=\"elementor-widget-container\">\n\t\t\t\t\t\t\t\t\t\t\t\t\t\t\t\t<a href=\"http:\/\/quartierjeunes.be\/index.php\/ateliers\/a-voix-haute-2\/\" target=\"_blank\">\n\t\t\t\t\t\t\t<img loading=\"lazy\" decoding=\"async\" width=\"300\" height=\"225\" src=\"https:\/\/quartierjeunes.be\/wp-content\/uploads\/2019\/09\/a-voix-haute.jpg\" class=\"attachment-medium size-medium wp-image-215\" alt=\"\" \/>\t\t\t\t\t\t\t\t<\/a>\n\t\t\t\t\t\t\t\t\t\t\t\t\t\t\t<\/div>\n\t\t\t\t<\/div>\n\t\t\t\t\t<\/div>\n\t\t<\/div>\n\t\t\t\t<div class=\"elementor-column elementor-col-33 elementor-top-column elementor-element elementor-element-1df84e0\" data-id=\"1df84e0\" data-element_type=\"column\">\n\t\t\t<div class=\"elementor-widget-wrap elementor-element-populated\">\n\t\t\t\t\t\t\t\t<div class=\"elementor-element elementor-element-4e51b18 elementor-widget elementor-widget-image\" data-id=\"4e51b18\" data-element_type=\"widget\" data-widget_type=\"image.default\">\n\t\t\t\t<div class=\"elementor-widget-container\">\n\t\t\t\t\t\t\t\t\t\t\t\t\t\t\t\t<a href=\"http:\/\/quartierjeunes.be\/index.php\/ateliers\/imagin-2\/\">\n\t\t\t\t\t\t\t<img decoding=\"async\" src=\"https:\/\/quartierjeunes.be\/wp-content\/uploads\/elementor\/thumbs\/ImagIN-oe3ss3caysu0gxwyeunqpxlc1qvr5qfvl7730nd9lq.jpg\" title=\"Imag&rsquo;IN\" alt=\"Imag'IN\" loading=\"lazy\" \/>\t\t\t\t\t\t\t\t<\/a>\n\t\t\t\t\t\t\t\t\t\t\t\t\t\t\t<\/div>\n\t\t\t\t<\/div>\n\t\t\t\t\t<\/div>\n\t\t<\/div>\n\t\t\t\t<div class=\"elementor-column elementor-col-33 elementor-top-column elementor-element elementor-element-40f6d91\" data-id=\"40f6d91\" data-element_type=\"column\">\n\t\t\t<div class=\"elementor-widget-wrap elementor-element-populated\">\n\t\t\t\t\t\t\t\t<div class=\"elementor-element elementor-element-e45874f elementor-widget elementor-widget-image\" data-id=\"e45874f\" data-element_type=\"widget\" data-widget_type=\"image.default\">\n\t\t\t\t<div class=\"elementor-widget-container\">\n\t\t\t\t\t\t\t\t\t\t\t\t\t\t\t\t<a href=\"http:\/\/quartierjeunes.be\/index.php\/ateliers\/bougout-2\/\">\n\t\t\t\t\t\t\t<img loading=\"lazy\" decoding=\"async\" width=\"225\" height=\"225\" src=\"https:\/\/quartierjeunes.be\/wp-content\/uploads\/2019\/09\/BougOUT.jpg\" class=\"attachment-large size-large wp-image-216\" alt=\"\" \/>\t\t\t\t\t\t\t\t<\/a>\n\t\t\t\t\t\t\t\t\t\t\t\t\t\t\t<\/div>\n\t\t\t\t<\/div>\n\t\t\t\t\t<\/div>\n\t\t<\/div>\n\t\t\t\t\t\t\t<\/div>\n\t\t<\/section>\n\t\t\t\t<section class=\"elementor-section elementor-top-section elementor-element elementor-element-242a913 elementor-section-boxed elementor-section-height-default elementor-section-height-default\" data-id=\"242a913\" data-element_type=\"section\">\n\t\t\t\t\t\t<div class=\"elementor-container elementor-column-gap-default\">\n\t\t\t\t\t<div class=\"elementor-column elementor-col-100 elementor-top-column elementor-element elementor-element-be92540\" data-id=\"be92540\" data-element_type=\"column\">\n\t\t\t<div class=\"elementor-widget-wrap elementor-element-populated\">\n\t\t\t\t\t\t\t\t<div class=\"elementor-element elementor-element-0b49489 elementor-widget elementor-widget-text-editor\" data-id=\"0b49489\" data-element_type=\"widget\" data-widget_type=\"text-editor.default\">\n\t\t\t\t<div class=\"elementor-widget-container\">\n\t\t\t\t\t\t\t<p style=\"text-align: center;\">&#8230;<\/p>\t\t\t\t\t\t<\/div>\n\t\t\t\t<\/div>\n\t\t\t\t\t<\/div>\n\t\t<\/div>\n\t\t\t\t\t\t\t<\/div>\n\t\t<\/section>\n\t\t\t\t<section class=\"elementor-section elementor-top-section elementor-element elementor-element-a618f63 elementor-section-boxed elementor-section-height-default elementor-section-height-default\" data-id=\"a618f63\" data-element_type=\"section\">\n\t\t\t\t\t\t<div class=\"elementor-container elementor-column-gap-default\">\n\t\t\t\t\t<div class=\"elementor-column elementor-col-100 elementor-top-column elementor-element elementor-element-23adb72\" data-id=\"23adb72\" data-element_type=\"column\">\n\t\t\t<div class=\"elementor-widget-wrap elementor-element-populated\">\n\t\t\t\t\t\t\t\t<div class=\"elementor-element elementor-element-a6317af elementor-position-top elementor-widget elementor-widget-image-box\" data-id=\"a6317af\" data-element_type=\"widget\" data-widget_type=\"image-box.default\">\n\t\t\t\t<div class=\"elementor-widget-container\">\n\t\t\t<div class=\"elementor-image-box-wrapper\"><figure class=\"elementor-image-box-img\"><img loading=\"lazy\" decoding=\"async\" width=\"200\" height=\"200\" src=\"https:\/\/quartierjeunes.be\/wp-content\/uploads\/2020\/03\/Bloc_iBox.jpg\" class=\"attachment-full size-full wp-image-604\" alt=\"\" srcset=\"https:\/\/quartierjeunes.be\/wp-content\/uploads\/2020\/03\/Bloc_iBox.jpg 200w, https:\/\/quartierjeunes.be\/wp-content\/uploads\/2020\/03\/Bloc_iBox-150x150.jpg 150w\" sizes=\"(max-width: 200px) 100vw, 200px\" \/><\/figure><div class=\"elementor-image-box-content\"><h3 class=\"elementor-image-box-title\">Bo\u00eete \u00e0 id\u00e9es<\/h3><p class=\"elementor-image-box-description\">Si vous avez des envies ou des id\u00e9es, n'h\u00e9sitez pas \u00e0 les noter ici !<br><\/p><\/div><\/div>\t\t<\/div>\n\t\t\t\t<\/div>\n\t\t\t\t\t<\/div>\n\t\t<\/div>\n\t\t\t\t\t\t\t<\/div>\n\t\t<\/section>\n\t\t\t\t<section class=\"elementor-section elementor-top-section elementor-element elementor-element-e074803 elementor-section-boxed elementor-section-height-default elementor-section-height-default\" data-id=\"e074803\" data-element_type=\"section\">\n\t\t\t\t\t\t<div class=\"elementor-container elementor-column-gap-default\">\n\t\t\t\t\t<div class=\"elementor-column elementor-col-100 elementor-top-column elementor-element elementor-element-4327ec0\" data-id=\"4327ec0\" data-element_type=\"column\">\n\t\t\t<div class=\"elementor-widget-wrap elementor-element-populated\">\n\t\t\t\t\t\t\t\t<div class=\"elementor-element elementor-element-9e7c3e9 elementor-widget elementor-widget-wp-widget-recent-comments\" data-id=\"9e7c3e9\" data-element_type=\"widget\" data-widget_type=\"wp-widget-recent-comments.default\">\n\t\t\t\t<div class=\"elementor-widget-container\">\n\t\t\t<h5>Vos suggestions<\/h5><ul id=\"recentcomments\"><\/ul>\t\t<\/div>\n\t\t\t\t<\/div>\n\t\t\t\t\t<\/div>\n\t\t<\/div>\n\t\t\t\t\t\t\t<\/div>\n\t\t<\/section>\n\t\t\t\t\t\t\t<\/div>\n\t\t","protected":false},"excerpt":{"rendered":"<p>Les ateliers du QJ permettent aux jeunes de d\u00e9velopper \u00e0 la fois leur bien-\u00eatre, leur cr\u00e9ativit\u00e9 et leur esprit critique et citoyen. Certains ateliers auront pour but de d\u00e9velopper, sous l\u2019impulsion des participants, des projets concrets qui leur ressemblent. D&rsquo;autres offriront plus simplement un cadre dans lequel les jeunes pourront d\u00e9couvrir, partager et pratiquer ensemble [&hellip;]<\/p>\n","protected":false},"author":1,"featured_media":117,"parent":495,"menu_order":2,"comment_status":"open","ping_status":"closed","template":"","meta":{"footnotes":""},"_links":{"self":[{"href":"https:\/\/quartierjeunes.be\/index.php\/wp-json\/wp\/v2\/pages\/207"}],"collection":[{"href":"https:\/\/quartierjeunes.be\/index.php\/wp-json\/wp\/v2\/pages"}],"about":[{"href":"https:\/\/quartierjeunes.be\/index.php\/wp-json\/wp\/v2\/types\/page"}],"author":[{"embeddable":true,"href":"https:\/\/quartierjeunes.be\/index.php\/wp-json\/wp\/v2\/users\/1"}],"replies":[{"embeddable":true,"href":"https:\/\/quartierjeunes.be\/index.php\/wp-json\/wp\/v2\/comments?post=207"}],"version-history":[{"count":19,"href":"https:\/\/quartierjeunes.be\/index.php\/wp-json\/wp\/v2\/pages\/207\/revisions"}],"predecessor-version":[{"id":1084,"href":"https:\/\/quartierjeunes.be\/index.php\/wp-json\/wp\/v2\/pages\/207\/revisions\/1084"}],"up":[{"embeddable":true,"href":"https:\/\/quartierjeunes.be\/index.php\/wp-json\/wp\/v2\/pages\/495"}],"wp:featuredmedia":[{"embeddable":true,"href":"https:\/\/quartierjeunes.be\/index.php\/wp-json\/wp\/v2\/media\/117"}],"wp:attachment":[{"href":"https:\/\/quartierjeunes.be\/index.php\/wp-json\/wp\/v2\/media?parent=207"}],"curies":[{"name":"wp","href":"https:\/\/api.w.org\/{rel}","templated":true}]}}