{"id":242,"date":"2019-09-21T21:40:08","date_gmt":"2019-09-21T19:40:08","guid":{"rendered":"http:\/\/quartierjeunes.be\/?page_id=242"},"modified":"2020-05-11T10:08:12","modified_gmt":"2020-05-11T08:08:12","slug":"imagin-2","status":"publish","type":"page","link":"https:\/\/quartierjeunes.be\/index.php\/elementor-495\/ateliers\/imagin-2\/","title":{"rendered":"Imag&rsquo;IN"},"content":{"rendered":"\t\t<div data-elementor-type=\"wp-post\" data-elementor-id=\"242\" class=\"elementor elementor-242\">\n\t\t\t\t\t\t\t\t\t<section class=\"elementor-section elementor-top-section elementor-element elementor-element-37d2b7d elementor-section-boxed elementor-section-height-default elementor-section-height-default\" data-id=\"37d2b7d\" data-element_type=\"section\">\n\t\t\t\t\t\t<div class=\"elementor-container elementor-column-gap-default\">\n\t\t\t\t\t<div class=\"elementor-column elementor-col-50 elementor-top-column elementor-element elementor-element-7288de2\" data-id=\"7288de2\" data-element_type=\"column\">\n\t\t\t<div class=\"elementor-widget-wrap elementor-element-populated\">\n\t\t\t\t\t\t\t\t<div class=\"elementor-element elementor-element-02f2604 elementor-widget elementor-widget-button\" data-id=\"02f2604\" data-element_type=\"widget\" data-widget_type=\"button.default\">\n\t\t\t\t<div class=\"elementor-widget-container\">\n\t\t\t\t\t<div class=\"elementor-button-wrapper\">\n\t\t\t<a class=\"elementor-button elementor-button-link elementor-size-sm\" href=\"https:\/\/quartierjeunes.be\/index.php\/elementor-495\/ateliers\/a-voix-haute-2\/\">\n\t\t\t\t\t\t<span class=\"elementor-button-content-wrapper\">\n\t\t\t\t\t\t<span class=\"elementor-button-text\">A Voix Haute<\/span>\n\t\t<\/span>\n\t\t\t\t\t<\/a>\n\t\t<\/div>\n\t\t\t\t<\/div>\n\t\t\t\t<\/div>\n\t\t\t\t\t<\/div>\n\t\t<\/div>\n\t\t\t\t<div class=\"elementor-column elementor-col-50 elementor-top-column elementor-element elementor-element-bcbf6f6\" data-id=\"bcbf6f6\" data-element_type=\"column\">\n\t\t\t<div class=\"elementor-widget-wrap elementor-element-populated\">\n\t\t\t\t\t\t\t\t<div class=\"elementor-element elementor-element-bea36ba elementor-align-right elementor-widget elementor-widget-button\" data-id=\"bea36ba\" data-element_type=\"widget\" data-widget_type=\"button.default\">\n\t\t\t\t<div class=\"elementor-widget-container\">\n\t\t\t\t\t<div class=\"elementor-button-wrapper\">\n\t\t\t<a class=\"elementor-button elementor-button-link elementor-size-sm\" href=\"https:\/\/quartierjeunes.be\/index.php\/elementor-495\/ateliers\/bougout-2\/\">\n\t\t\t\t\t\t<span class=\"elementor-button-content-wrapper\">\n\t\t\t\t\t\t<span class=\"elementor-button-text\">Boug'OUT<\/span>\n\t\t<\/span>\n\t\t\t\t\t<\/a>\n\t\t<\/div>\n\t\t\t\t<\/div>\n\t\t\t\t<\/div>\n\t\t\t\t\t<\/div>\n\t\t<\/div>\n\t\t\t\t\t\t\t<\/div>\n\t\t<\/section>\n\t\t\t\t<section class=\"elementor-section elementor-top-section elementor-element elementor-element-e8f02cd elementor-section-boxed elementor-section-height-default elementor-section-height-default\" data-id=\"e8f02cd\" data-element_type=\"section\">\n\t\t\t\t\t\t<div class=\"elementor-container elementor-column-gap-default\">\n\t\t\t\t\t<div class=\"elementor-column elementor-col-100 elementor-top-column elementor-element elementor-element-a67b82d\" data-id=\"a67b82d\" data-element_type=\"column\">\n\t\t\t<div class=\"elementor-widget-wrap elementor-element-populated\">\n\t\t\t\t\t\t\t\t<div class=\"elementor-element elementor-element-a8036cc elementor-widget elementor-widget-text-editor\" data-id=\"a8036cc\" data-element_type=\"widget\" data-widget_type=\"text-editor.default\">\n\t\t\t\t<div class=\"elementor-widget-container\">\n\t\t\t\t\t\t\t<p>Dans l\u2019atelier IMAG\u2019IN, les jeunes, amateurs ou novices en la mati\u00e8re, peuvent exp\u00e9rimenter la photographie de diff\u00e9rentes mani\u00e8res. Nous leur proposons d\u2019en apprendre davantage sur l\u2019histoire de la photo et sur les droits de diffusion de l\u2019image mais aussi et surtout, de s\u2019initier \u00e0 diff\u00e9rentes techniques de prise de vue, \u00e0 l\u2019utilisation de logiciels de retouche, \u00e0 la production de clich\u00e9, \u2026<\/p><p>En accord avec la philosophie du QJ, il s\u2019agira donc dans cet atelier de pratiquer concr\u00e8tement la photographie tout en r\u00e9fl\u00e9chissant aux messages que v\u00e9hiculent les images et la vision du monde que l\u2019on peut transmettre \u00e0 travers elles. Les jeunes pourront ainsi \u00e9laborer ensemble un projet m\u00e9diatique sur un th\u00e8me qui leur parle et sur lequel ils d\u00e9sirent s\u2019exprimer \u00e0 travers la photo.<\/p><p>Cet atelier est anim\u00e9 par Val\u00e9rie Watelet.<\/p>\t\t\t\t\t\t<\/div>\n\t\t\t\t<\/div>\n\t\t\t\t\t<\/div>\n\t\t<\/div>\n\t\t\t\t\t\t\t<\/div>\n\t\t<\/section>\n\t\t\t\t<section class=\"elementor-section elementor-top-section elementor-element elementor-element-8b66438 elementor-section-boxed elementor-section-height-default elementor-section-height-default\" data-id=\"8b66438\" data-element_type=\"section\">\n\t\t\t\t\t\t<div class=\"elementor-container elementor-column-gap-default\">\n\t\t\t\t\t<div class=\"elementor-column elementor-col-100 elementor-top-column elementor-element elementor-element-0425953\" data-id=\"0425953\" data-element_type=\"column\">\n\t\t\t<div class=\"elementor-widget-wrap\">\n\t\t\t\t\t\t\t\t\t<\/div>\n\t\t<\/div>\n\t\t\t\t\t\t\t<\/div>\n\t\t<\/section>\n\t\t\t\t<section class=\"elementor-section elementor-top-section elementor-element elementor-element-5040dcc elementor-section-content-middle elementor-section-boxed elementor-section-height-default elementor-section-height-default\" data-id=\"5040dcc\" data-element_type=\"section\" data-settings=\"{&quot;background_background&quot;:&quot;classic&quot;}\">\n\t\t\t\t\t\t<div class=\"elementor-container elementor-column-gap-default\">\n\t\t\t\t\t<div class=\"elementor-column elementor-col-100 elementor-top-column elementor-element elementor-element-4c06b59\" data-id=\"4c06b59\" data-element_type=\"column\">\n\t\t\t<div class=\"elementor-widget-wrap elementor-element-populated\">\n\t\t\t\t\t\t\t\t<section class=\"elementor-section elementor-inner-section elementor-element elementor-element-7e63b0d elementor-section-boxed elementor-section-height-default elementor-section-height-default\" data-id=\"7e63b0d\" data-element_type=\"section\">\n\t\t\t\t\t\t<div class=\"elementor-container elementor-column-gap-default\">\n\t\t\t\t\t<div class=\"elementor-column elementor-col-33 elementor-inner-column elementor-element elementor-element-65c4be9\" data-id=\"65c4be9\" data-element_type=\"column\">\n\t\t\t<div class=\"elementor-widget-wrap elementor-element-populated\">\n\t\t\t\t\t\t\t\t<div class=\"elementor-element elementor-element-58e576b elementor-widget elementor-widget-text-editor\" data-id=\"58e576b\" data-element_type=\"widget\" data-widget_type=\"text-editor.default\">\n\t\t\t\t<div class=\"elementor-widget-container\">\n\t\t\t\t\t\t\t<p>By Quartier Jeunes asbl &#8211; mai 2020<\/p>\t\t\t\t\t\t<\/div>\n\t\t\t\t<\/div>\n\t\t\t\t\t<\/div>\n\t\t<\/div>\n\t\t\t\t<div class=\"elementor-column elementor-col-33 elementor-inner-column elementor-element elementor-element-5c93daa\" data-id=\"5c93daa\" data-element_type=\"column\">\n\t\t\t<div class=\"elementor-widget-wrap elementor-element-populated\">\n\t\t\t\t\t\t\t\t<div class=\"elementor-element elementor-element-691b402 elementor-shape-rounded elementor-grid-0 e-grid-align-center elementor-widget elementor-widget-social-icons\" data-id=\"691b402\" data-element_type=\"widget\" data-widget_type=\"social-icons.default\">\n\t\t\t\t<div class=\"elementor-widget-container\">\n\t\t\t\t\t<div class=\"elementor-social-icons-wrapper elementor-grid\">\n\t\t\t\t\t\t\t<span class=\"elementor-grid-item\">\n\t\t\t\t\t<a class=\"elementor-icon elementor-social-icon elementor-social-icon-facebook elementor-repeater-item-58498b5\" href=\"https:\/\/www.facebook.com\/QuartierjeunesBeauraing\" target=\"_blank\">\n\t\t\t\t\t\t<span class=\"elementor-screen-only\">Facebook<\/span>\n\t\t\t\t\t\t<i class=\"fab fa-facebook\"><\/i>\t\t\t\t\t<\/a>\n\t\t\t\t<\/span>\n\t\t\t\t\t\t\t<span class=\"elementor-grid-item\">\n\t\t\t\t\t<a class=\"elementor-icon elementor-social-icon elementor-social-icon-instagram elementor-repeater-item-17128ba\" href=\"https:\/\/www.instagram.com\/quartier_jeunes_beauraing\/?hl=fr\" target=\"_blank\">\n\t\t\t\t\t\t<span class=\"elementor-screen-only\">Instagram<\/span>\n\t\t\t\t\t\t<i class=\"fab fa-instagram\"><\/i>\t\t\t\t\t<\/a>\n\t\t\t\t<\/span>\n\t\t\t\t\t<\/div>\n\t\t\t\t<\/div>\n\t\t\t\t<\/div>\n\t\t\t\t\t<\/div>\n\t\t<\/div>\n\t\t\t\t<div class=\"elementor-column elementor-col-33 elementor-inner-column elementor-element elementor-element-607b9c4\" data-id=\"607b9c4\" data-element_type=\"column\">\n\t\t\t<div class=\"elementor-widget-wrap elementor-element-populated\">\n\t\t\t\t\t\t\t\t<div class=\"elementor-element elementor-element-25bfb2d elementor-align-center elementor-widget elementor-widget-button\" data-id=\"25bfb2d\" data-element_type=\"widget\" data-widget_type=\"button.default\">\n\t\t\t\t<div class=\"elementor-widget-container\">\n\t\t\t\t\t<div class=\"elementor-button-wrapper\">\n\t\t\t<a class=\"elementor-button elementor-button-link elementor-size-sm\" href=\"https:\/\/quartierjeunes.be\/index.php\/politique-de-confidentialite\/\">\n\t\t\t\t\t\t<span class=\"elementor-button-content-wrapper\">\n\t\t\t\t\t\t<span class=\"elementor-button-text\">RDPG<\/span>\n\t\t<\/span>\n\t\t\t\t\t<\/a>\n\t\t<\/div>\n\t\t\t\t<\/div>\n\t\t\t\t<\/div>\n\t\t\t\t\t<\/div>\n\t\t<\/div>\n\t\t\t\t\t\t\t<\/div>\n\t\t<\/section>\n\t\t\t\t\t<\/div>\n\t\t<\/div>\n\t\t\t\t\t\t\t<\/div>\n\t\t<\/section>\n\t\t\t\t\t\t\t<\/div>\n\t\t","protected":false},"excerpt":{"rendered":"<p>A Voix Haute Boug&rsquo;OUT Dans l\u2019atelier IMAG\u2019IN, les jeunes, amateurs ou novices en la mati\u00e8re, peuvent exp\u00e9rimenter la photographie de diff\u00e9rentes mani\u00e8res. Nous leur proposons d\u2019en apprendre davantage sur l\u2019histoire de la photo et sur les droits de diffusion de l\u2019image mais aussi et surtout, de s\u2019initier \u00e0 diff\u00e9rentes techniques de prise de vue, \u00e0 [&hellip;]<\/p>\n","protected":false},"author":1,"featured_media":213,"parent":207,"menu_order":2,"comment_status":"closed","ping_status":"closed","template":"","meta":{"footnotes":""},"_links":{"self":[{"href":"https:\/\/quartierjeunes.be\/index.php\/wp-json\/wp\/v2\/pages\/242"}],"collection":[{"href":"https:\/\/quartierjeunes.be\/index.php\/wp-json\/wp\/v2\/pages"}],"about":[{"href":"https:\/\/quartierjeunes.be\/index.php\/wp-json\/wp\/v2\/types\/page"}],"author":[{"embeddable":true,"href":"https:\/\/quartierjeunes.be\/index.php\/wp-json\/wp\/v2\/users\/1"}],"replies":[{"embeddable":true,"href":"https:\/\/quartierjeunes.be\/index.php\/wp-json\/wp\/v2\/comments?post=242"}],"version-history":[{"count":11,"href":"https:\/\/quartierjeunes.be\/index.php\/wp-json\/wp\/v2\/pages\/242\/revisions"}],"predecessor-version":[{"id":1134,"href":"https:\/\/quartierjeunes.be\/index.php\/wp-json\/wp\/v2\/pages\/242\/revisions\/1134"}],"up":[{"embeddable":true,"href":"https:\/\/quartierjeunes.be\/index.php\/wp-json\/wp\/v2\/pages\/207"}],"wp:featuredmedia":[{"embeddable":true,"href":"https:\/\/quartierjeunes.be\/index.php\/wp-json\/wp\/v2\/media\/213"}],"wp:attachment":[{"href":"https:\/\/quartierjeunes.be\/index.php\/wp-json\/wp\/v2\/media?parent=242"}],"curies":[{"name":"wp","href":"https:\/\/api.w.org\/{rel}","templated":true}]}}