{"id":301,"date":"2019-09-22T20:44:52","date_gmt":"2019-09-22T18:44:52","guid":{"rendered":"http:\/\/quartierjeunes.be\/?page_id=301"},"modified":"2020-05-10T18:08:42","modified_gmt":"2020-05-10T16:08:42","slug":"valerie-watelet","status":"publish","type":"page","link":"https:\/\/quartierjeunes.be\/index.php\/qui-sommes-nous\/notre-equipe\/valerie-watelet\/","title":{"rendered":"Val\u00e9rie Watelet"},"content":{"rendered":"\t\t<div data-elementor-type=\"wp-post\" data-elementor-id=\"301\" class=\"elementor elementor-301\">\n\t\t\t\t\t\t\t\t\t<section class=\"elementor-section elementor-top-section elementor-element elementor-element-41cb0750 elementor-section-content-middle elementor-section-boxed elementor-section-height-default elementor-section-height-default\" data-id=\"41cb0750\" data-element_type=\"section\" data-settings=\"{&quot;background_background&quot;:&quot;classic&quot;}\">\n\t\t\t\t\t\t<div class=\"elementor-container elementor-column-gap-no\">\n\t\t\t\t\t<div class=\"elementor-column elementor-col-50 elementor-top-column elementor-element elementor-element-2dbc21ef\" data-id=\"2dbc21ef\" data-element_type=\"column\">\n\t\t\t<div class=\"elementor-widget-wrap elementor-element-populated\">\n\t\t\t\t\t\t\t\t<div class=\"elementor-element elementor-element-68b49648 elementor-widget elementor-widget-image\" data-id=\"68b49648\" data-element_type=\"widget\" data-widget_type=\"image.default\">\n\t\t\t\t<div class=\"elementor-widget-container\">\n\t\t\t\t\t\t\t\t\t\t\t\t\t\t\t<img loading=\"lazy\" decoding=\"async\" width=\"581\" height=\"581\" src=\"https:\/\/quartierjeunes.be\/wp-content\/uploads\/2019\/09\/Val.png\" class=\"attachment-full size-full wp-image-278\" alt=\"\" srcset=\"https:\/\/quartierjeunes.be\/wp-content\/uploads\/2019\/09\/Val.png 581w, https:\/\/quartierjeunes.be\/wp-content\/uploads\/2019\/09\/Val-150x150.png 150w, https:\/\/quartierjeunes.be\/wp-content\/uploads\/2019\/09\/Val-300x300.png 300w\" sizes=\"(max-width: 581px) 100vw, 581px\" \/>\t\t\t\t\t\t\t\t\t\t\t\t\t\t\t<\/div>\n\t\t\t\t<\/div>\n\t\t\t\t\t<\/div>\n\t\t<\/div>\n\t\t\t\t<div class=\"elementor-column elementor-col-50 elementor-top-column elementor-element elementor-element-121dd0f1\" data-id=\"121dd0f1\" data-element_type=\"column\">\n\t\t\t<div class=\"elementor-widget-wrap elementor-element-populated\">\n\t\t\t\t\t\t\t\t<div class=\"elementor-element elementor-element-77b8debe elementor-view-default elementor-widget elementor-widget-icon\" data-id=\"77b8debe\" data-element_type=\"widget\" data-widget_type=\"icon.default\">\n\t\t\t\t<div class=\"elementor-widget-container\">\n\t\t\t\t\t<div class=\"elementor-icon-wrapper\">\n\t\t\t<div class=\"elementor-icon\">\n\t\t\t<i aria-hidden=\"true\" class=\"fas fa-quote-left\"><\/i>\t\t\t<\/div>\n\t\t<\/div>\n\t\t\t\t<\/div>\n\t\t\t\t<\/div>\n\t\t\t\t<div class=\"elementor-element elementor-element-4e16378 elementor-widget elementor-widget-text-editor\" data-id=\"4e16378\" data-element_type=\"widget\" data-widget_type=\"text-editor.default\">\n\t\t\t\t<div class=\"elementor-widget-container\">\n\t\t\t\t\t\t\t<p>Partout le cerveau des hommes cesse aujourd&rsquo;hui ironiquement de comprendre que la v\u00e9ritable garantie de la personne r\u00e9side non dans un effort personnel isol\u00e9, mais dans la solidarit\u00e9 des hommes.<\/p><p style=\"text-align: right;\">Fiodor Dosto\u00efevski<\/p><p>\u00a0<\/p>\t\t\t\t\t\t<\/div>\n\t\t\t\t<\/div>\n\t\t\t\t<div class=\"elementor-element elementor-element-1401c918 elementor-widget elementor-widget-heading\" data-id=\"1401c918\" data-element_type=\"widget\" data-widget_type=\"heading.default\">\n\t\t\t\t<div class=\"elementor-widget-container\">\n\t\t\t<h2 class=\"elementor-heading-title elementor-size-default\">Val\u00e9rie Watelet<\/h2>\t\t<\/div>\n\t\t\t\t<\/div>\n\t\t\t\t\t<\/div>\n\t\t<\/div>\n\t\t\t\t\t\t\t<\/div>\n\t\t<\/section>\n\t\t\t\t<section class=\"elementor-section elementor-top-section elementor-element elementor-element-0a350fb elementor-section-boxed elementor-section-height-default elementor-section-height-default\" data-id=\"0a350fb\" data-element_type=\"section\">\n\t\t\t\t\t\t<div class=\"elementor-container elementor-column-gap-default\">\n\t\t\t\t\t<div class=\"elementor-column elementor-col-100 elementor-top-column elementor-element elementor-element-e14780c\" data-id=\"e14780c\" data-element_type=\"column\">\n\t\t\t<div class=\"elementor-widget-wrap elementor-element-populated\">\n\t\t\t\t\t\t\t\t<div class=\"elementor-element elementor-element-cfb2129 elementor-widget elementor-widget-text-editor\" data-id=\"cfb2129\" data-element_type=\"widget\" data-widget_type=\"text-editor.default\">\n\t\t\t\t<div class=\"elementor-widget-container\">\n\t\t\t\t\t\t\t<p>Avec mes 35 ans, est arriv\u00e9e l&rsquo;envie de me consacrer \u00e0 un projet nouveau, porteur de sens et en ad\u00e9quation avec mes valeurs.<\/p>\n<p>Assistante sociale et criminologue de formation, il y a dix ans, j&rsquo;ai quitt\u00e9 le social et la justice pour l&rsquo;enseignement. Au fil des ann\u00e9es, j&rsquo;ai pu entreprendre quelques projets avec mes \u00e9l\u00e8ves.<\/p>\n<p>D&rsquo;abord modestes, avec des petites actions citoyennes tr\u00e8s locales comme, par exemple, une collecte de jouets pour la Saint-Nicolas des enfants d&rsquo;un centre proche de l&rsquo;\u00e9cole ou une distribution de biscuits aux personnes \u00e2g\u00e9es d&rsquo;un village.<\/p>\n<p>De plus grande envergure ensuite, avec la cr\u00e9ation d&rsquo;une Ecoteam au sein de mon \u00e9cole qui, pendant deux ans, a relev\u00e9 les 5 d\u00e9fis du Challenge de Goodplanet Belgium, a particip\u00e9 \u00e0 l&rsquo;AJWE et interpell\u00e9 le ministre wallon de l&rsquo;environnement, Carlo Di Antonio avec des propositions concr\u00e8tes en faveur de la r\u00e9duction des d\u00e9chets et du consommer local et de saison, a organis\u00e9 une animation pour sensibiliser les acteurs politiques locaux, etc.<\/p>\n<p>Et le dernier en date, ambitieux par le nombre d&rsquo;\u00e9l\u00e8ves impliqu\u00e9s et l&rsquo;ampleur des d\u00e9marches, des processus et des productions r\u00e9alis\u00e9es, un projet en citoyennet\u00e9 mondiale, r\u00e9pondant \u00e0 un appel d&rsquo;Annoncer la couleur, sur la guerre et la paix \u00e0 travers le temps et l&rsquo;espace. C&rsquo;est de ce projet d&rsquo;un an, construit sur un aller et retour entre apprentissages, transmissions, transpositions et cr\u00e9ations qu&rsquo;est n\u00e9e l&rsquo;envie de cr\u00e9er un espace d\u00e9di\u00e9 \u00e0 la cr\u00e9ation.<\/p>\n<p>Engag\u00e9e, un peu militante, j&rsquo;aime me donner les moyens de d\u00e9fendre mes id\u00e9aux. Fille de la campagne, j&rsquo;aime d\u00e9fendre l&rsquo;environnement et la nature. Immerg\u00e9e le temps de mes \u00e9tudes dans des grandes villes, j&rsquo;ai d\u00e9couvert le cin\u00e9ma, le th\u00e9\u00e2tre, les expositions et les concerts. Faisant \u00e9cho aux th\u00e9ories que j&rsquo;\u00e9tudiais, j&rsquo;ai acquis la conviction profonde que la culture et les arts sont un terreau id\u00e9al pour tisser du lien social. En effet, vecteurs de d\u00e9veloppement personnel, la cr\u00e9ation et la co-cr\u00e9ation sont un moyen efficace de d\u00e9passer certains pr\u00e9jug\u00e9s, certaines peurs de l&rsquo;autre, etc.&nbsp; J&rsquo;ai pu voir \u00f4 combien la culture et les arts pouvaient \u00eatre porteurs de d\u00e9veloppement et changement social. Dynamique et curieuse, j&rsquo;aime apprendre et d\u00e9couvrir de nouvelles choses, j&rsquo;aime relever des d\u00e9fis.<\/p>\n<p>Par ailleurs, je suis maman de trois enfants. En construisant une maison des jeunes sur notre territoire, c&rsquo;est leur avenir \u00e0 eux aussi que je pr\u00e9pare.<\/p>\n<p>Riche d&rsquo;une exp\u00e9rience en tant que directrice administrative d&rsquo;une asbl subsidi\u00e9e, c&rsquo;est naturellement que je prends une part plus active dans la gestion administrative et financi\u00e8re du Quartier jeunes. J&rsquo;anime les ateliers Imag&rsquo;IN. Et avec Roxane, nous animons, bien souvent \u00e0 deux, les accueils.<\/p>\t\t\t\t\t\t<\/div>\n\t\t\t\t<\/div>\n\t\t\t\t\t<\/div>\n\t\t<\/div>\n\t\t\t\t\t\t\t<\/div>\n\t\t<\/section>\n\t\t\t\t<section class=\"elementor-section elementor-top-section elementor-element elementor-element-8a8cac0 elementor-section-boxed elementor-section-height-default elementor-section-height-default\" data-id=\"8a8cac0\" data-element_type=\"section\">\n\t\t\t\t\t\t<div class=\"elementor-container elementor-column-gap-default\">\n\t\t\t\t\t<div class=\"elementor-column elementor-col-100 elementor-top-column elementor-element elementor-element-65694a8\" data-id=\"65694a8\" data-element_type=\"column\">\n\t\t\t<div class=\"elementor-widget-wrap\">\n\t\t\t\t\t\t\t\t\t<\/div>\n\t\t<\/div>\n\t\t\t\t\t\t\t<\/div>\n\t\t<\/section>\n\t\t\t\t<section class=\"elementor-section elementor-top-section elementor-element elementor-element-3650675 elementor-section-content-middle elementor-section-boxed elementor-section-height-default elementor-section-height-default\" data-id=\"3650675\" data-element_type=\"section\" data-settings=\"{&quot;background_background&quot;:&quot;classic&quot;}\">\n\t\t\t\t\t\t<div class=\"elementor-container elementor-column-gap-default\">\n\t\t\t\t\t<div class=\"elementor-column elementor-col-100 elementor-top-column elementor-element elementor-element-7ef2179\" data-id=\"7ef2179\" data-element_type=\"column\">\n\t\t\t<div class=\"elementor-widget-wrap elementor-element-populated\">\n\t\t\t\t\t\t\t\t<section class=\"elementor-section elementor-inner-section elementor-element elementor-element-98309f4 elementor-section-boxed elementor-section-height-default elementor-section-height-default\" data-id=\"98309f4\" data-element_type=\"section\">\n\t\t\t\t\t\t<div class=\"elementor-container elementor-column-gap-default\">\n\t\t\t\t\t<div class=\"elementor-column elementor-col-33 elementor-inner-column elementor-element elementor-element-2adeb7e\" data-id=\"2adeb7e\" data-element_type=\"column\">\n\t\t\t<div class=\"elementor-widget-wrap elementor-element-populated\">\n\t\t\t\t\t\t\t\t<div class=\"elementor-element elementor-element-b316f6c elementor-widget elementor-widget-text-editor\" data-id=\"b316f6c\" data-element_type=\"widget\" data-widget_type=\"text-editor.default\">\n\t\t\t\t<div class=\"elementor-widget-container\">\n\t\t\t\t\t\t\t<p>By Quartier Jeunes asbl &#8211; mai 2020<\/p>\t\t\t\t\t\t<\/div>\n\t\t\t\t<\/div>\n\t\t\t\t\t<\/div>\n\t\t<\/div>\n\t\t\t\t<div class=\"elementor-column elementor-col-33 elementor-inner-column elementor-element elementor-element-bcd830c\" data-id=\"bcd830c\" data-element_type=\"column\">\n\t\t\t<div class=\"elementor-widget-wrap elementor-element-populated\">\n\t\t\t\t\t\t\t\t<div class=\"elementor-element elementor-element-aec68da elementor-shape-rounded elementor-grid-0 e-grid-align-center elementor-widget elementor-widget-social-icons\" data-id=\"aec68da\" data-element_type=\"widget\" data-widget_type=\"social-icons.default\">\n\t\t\t\t<div class=\"elementor-widget-container\">\n\t\t\t\t\t<div class=\"elementor-social-icons-wrapper elementor-grid\">\n\t\t\t\t\t\t\t<span class=\"elementor-grid-item\">\n\t\t\t\t\t<a class=\"elementor-icon elementor-social-icon elementor-social-icon-facebook elementor-repeater-item-58498b5\" href=\"https:\/\/www.facebook.com\/QuartierjeunesBeauraing\" target=\"_blank\">\n\t\t\t\t\t\t<span class=\"elementor-screen-only\">Facebook<\/span>\n\t\t\t\t\t\t<i class=\"fab fa-facebook\"><\/i>\t\t\t\t\t<\/a>\n\t\t\t\t<\/span>\n\t\t\t\t\t\t\t<span class=\"elementor-grid-item\">\n\t\t\t\t\t<a class=\"elementor-icon elementor-social-icon elementor-social-icon-instagram elementor-repeater-item-17128ba\" href=\"https:\/\/www.instagram.com\/quartier_jeunes_beauraing\/?hl=fr\" target=\"_blank\">\n\t\t\t\t\t\t<span class=\"elementor-screen-only\">Instagram<\/span>\n\t\t\t\t\t\t<i class=\"fab fa-instagram\"><\/i>\t\t\t\t\t<\/a>\n\t\t\t\t<\/span>\n\t\t\t\t\t<\/div>\n\t\t\t\t<\/div>\n\t\t\t\t<\/div>\n\t\t\t\t\t<\/div>\n\t\t<\/div>\n\t\t\t\t<div class=\"elementor-column elementor-col-33 elementor-inner-column elementor-element elementor-element-4c7a8dd\" data-id=\"4c7a8dd\" data-element_type=\"column\">\n\t\t\t<div class=\"elementor-widget-wrap elementor-element-populated\">\n\t\t\t\t\t\t\t\t<div class=\"elementor-element elementor-element-6796b87 elementor-align-center elementor-widget elementor-widget-button\" data-id=\"6796b87\" data-element_type=\"widget\" data-widget_type=\"button.default\">\n\t\t\t\t<div class=\"elementor-widget-container\">\n\t\t\t\t\t<div class=\"elementor-button-wrapper\">\n\t\t\t<a class=\"elementor-button elementor-button-link elementor-size-sm\" href=\"https:\/\/quartierjeunes.be\/index.php\/politique-de-confidentialite\/\">\n\t\t\t\t\t\t<span class=\"elementor-button-content-wrapper\">\n\t\t\t\t\t\t<span class=\"elementor-button-text\">RDPG<\/span>\n\t\t<\/span>\n\t\t\t\t\t<\/a>\n\t\t<\/div>\n\t\t\t\t<\/div>\n\t\t\t\t<\/div>\n\t\t\t\t\t<\/div>\n\t\t<\/div>\n\t\t\t\t\t\t\t<\/div>\n\t\t<\/section>\n\t\t\t\t\t<\/div>\n\t\t<\/div>\n\t\t\t\t\t\t\t<\/div>\n\t\t<\/section>\n\t\t\t\t\t\t\t<\/div>\n\t\t","protected":false},"excerpt":{"rendered":"<p>Partout le cerveau des hommes cesse aujourd&rsquo;hui ironiquement de comprendre que la v\u00e9ritable garantie de la personne r\u00e9side non dans un effort personnel isol\u00e9, mais dans la solidarit\u00e9 des hommes. Fiodor Dosto\u00efevski \u00a0 Val\u00e9rie Watelet Avec mes 35 ans, est arriv\u00e9e l&rsquo;envie de me consacrer \u00e0 un projet nouveau, porteur de sens et en ad\u00e9quation [&hellip;]<\/p>\n","protected":false},"author":1,"featured_media":0,"parent":265,"menu_order":0,"comment_status":"closed","ping_status":"closed","template":"elementor_header_footer","meta":{"footnotes":""},"_links":{"self":[{"href":"https:\/\/quartierjeunes.be\/index.php\/wp-json\/wp\/v2\/pages\/301"}],"collection":[{"href":"https:\/\/quartierjeunes.be\/index.php\/wp-json\/wp\/v2\/pages"}],"about":[{"href":"https:\/\/quartierjeunes.be\/index.php\/wp-json\/wp\/v2\/types\/page"}],"author":[{"embeddable":true,"href":"https:\/\/quartierjeunes.be\/index.php\/wp-json\/wp\/v2\/users\/1"}],"replies":[{"embeddable":true,"href":"https:\/\/quartierjeunes.be\/index.php\/wp-json\/wp\/v2\/comments?post=301"}],"version-history":[{"count":18,"href":"https:\/\/quartierjeunes.be\/index.php\/wp-json\/wp\/v2\/pages\/301\/revisions"}],"predecessor-version":[{"id":1112,"href":"https:\/\/quartierjeunes.be\/index.php\/wp-json\/wp\/v2\/pages\/301\/revisions\/1112"}],"up":[{"embeddable":true,"href":"https:\/\/quartierjeunes.be\/index.php\/wp-json\/wp\/v2\/pages\/265"}],"wp:attachment":[{"href":"https:\/\/quartierjeunes.be\/index.php\/wp-json\/wp\/v2\/media?parent=301"}],"curies":[{"name":"wp","href":"https:\/\/api.w.org\/{rel}","templated":true}]}}