{"id":691,"date":"2020-03-29T17:49:43","date_gmt":"2020-03-29T15:49:43","guid":{"rendered":"http:\/\/quartierjeunes.be\/?page_id=691"},"modified":"2020-05-10T18:06:57","modified_gmt":"2020-05-10T16:06:57","slug":"frederic-giozzet","status":"publish","type":"page","link":"https:\/\/quartierjeunes.be\/index.php\/qui-sommes-nous\/notre-equipe\/les-membres-de-lorgane-dadministration\/frederic-giozzet\/","title":{"rendered":"Fr\u00e9d\u00e9ric Giozzet"},"content":{"rendered":"\t\t<div data-elementor-type=\"wp-page\" data-elementor-id=\"691\" class=\"elementor elementor-691\">\n\t\t\t\t\t\t\t\t\t<section class=\"elementor-section elementor-top-section elementor-element elementor-element-3debb88 elementor-section-boxed elementor-section-height-default elementor-section-height-default\" data-id=\"3debb88\" data-element_type=\"section\">\n\t\t\t\t\t\t<div class=\"elementor-container elementor-column-gap-default\">\n\t\t\t\t\t<div class=\"elementor-column elementor-col-50 elementor-top-column elementor-element elementor-element-3312788\" data-id=\"3312788\" data-element_type=\"column\">\n\t\t\t<div class=\"elementor-widget-wrap elementor-element-populated\">\n\t\t\t\t\t\t\t\t<div class=\"elementor-element elementor-element-7e71d40 elementor-widget elementor-widget-button\" data-id=\"7e71d40\" data-element_type=\"widget\" data-widget_type=\"button.default\">\n\t\t\t\t<div class=\"elementor-widget-container\">\n\t\t\t\t\t<div class=\"elementor-button-wrapper\">\n\t\t\t<a class=\"elementor-button elementor-button-link elementor-size-sm\" href=\"https:\/\/quartierjeunes.be\/index.php\/qui-sommes-nous\/notre-equipe\/les-membres-de-lorgane-dadministration\/melanie-havenne\/\">\n\t\t\t\t\t\t<span class=\"elementor-button-content-wrapper\">\n\t\t\t\t\t\t<span class=\"elementor-button-text\">Pr\u00e9c\u00e8dent<\/span>\n\t\t<\/span>\n\t\t\t\t\t<\/a>\n\t\t<\/div>\n\t\t\t\t<\/div>\n\t\t\t\t<\/div>\n\t\t\t\t\t<\/div>\n\t\t<\/div>\n\t\t\t\t<div class=\"elementor-column elementor-col-50 elementor-top-column elementor-element elementor-element-4736f09\" data-id=\"4736f09\" data-element_type=\"column\">\n\t\t\t<div class=\"elementor-widget-wrap elementor-element-populated\">\n\t\t\t\t\t\t\t\t<div class=\"elementor-element elementor-element-d7fa3a1 elementor-align-right elementor-widget elementor-widget-button\" data-id=\"d7fa3a1\" data-element_type=\"widget\" data-widget_type=\"button.default\">\n\t\t\t\t<div class=\"elementor-widget-container\">\n\t\t\t\t\t<div class=\"elementor-button-wrapper\">\n\t\t\t<a class=\"elementor-button elementor-button-link elementor-size-sm\" href=\"https:\/\/quartierjeunes.be\/index.php\/qui-sommes-nous\/notre-equipe\/les-membres-de-lorgane-dadministration\/margot-ruelle\/\">\n\t\t\t\t\t\t<span class=\"elementor-button-content-wrapper\">\n\t\t\t\t\t\t<span class=\"elementor-button-text\">Suivant<\/span>\n\t\t<\/span>\n\t\t\t\t\t<\/a>\n\t\t<\/div>\n\t\t\t\t<\/div>\n\t\t\t\t<\/div>\n\t\t\t\t\t<\/div>\n\t\t<\/div>\n\t\t\t\t\t\t\t<\/div>\n\t\t<\/section>\n\t\t\t\t<section class=\"elementor-section elementor-top-section elementor-element elementor-element-03379df elementor-section-content-middle elementor-section-boxed elementor-section-height-default elementor-section-height-default\" data-id=\"03379df\" data-element_type=\"section\">\n\t\t\t\t\t\t<div class=\"elementor-container elementor-column-gap-no\">\n\t\t\t\t\t<div class=\"elementor-column elementor-col-50 elementor-top-column elementor-element elementor-element-09b2ec8\" data-id=\"09b2ec8\" data-element_type=\"column\">\n\t\t\t<div class=\"elementor-widget-wrap elementor-element-populated\">\n\t\t\t\t\t\t\t\t<div class=\"elementor-element elementor-element-0011c23 elementor-widget elementor-widget-image\" data-id=\"0011c23\" data-element_type=\"widget\" data-widget_type=\"image.default\">\n\t\t\t\t<div class=\"elementor-widget-container\">\n\t\t\t\t\t\t\t\t\t\t\t\t\t\t\t<img loading=\"lazy\" decoding=\"async\" width=\"938\" height=\"1024\" src=\"https:\/\/quartierjeunes.be\/wp-content\/uploads\/2020\/03\/Fred-938x1024.jpg\" class=\"attachment-large size-large wp-image-693\" alt=\"\" srcset=\"https:\/\/quartierjeunes.be\/wp-content\/uploads\/2020\/03\/Fred-938x1024.jpg 938w, https:\/\/quartierjeunes.be\/wp-content\/uploads\/2020\/03\/Fred-275x300.jpg 275w, https:\/\/quartierjeunes.be\/wp-content\/uploads\/2020\/03\/Fred-768x839.jpg 768w, https:\/\/quartierjeunes.be\/wp-content\/uploads\/2020\/03\/Fred.jpg 1280w\" sizes=\"(max-width: 938px) 100vw, 938px\" \/>\t\t\t\t\t\t\t\t\t\t\t\t\t\t\t<\/div>\n\t\t\t\t<\/div>\n\t\t\t\t\t<\/div>\n\t\t<\/div>\n\t\t\t\t<div class=\"elementor-column elementor-col-50 elementor-top-column elementor-element elementor-element-b235c47\" data-id=\"b235c47\" data-element_type=\"column\">\n\t\t\t<div class=\"elementor-widget-wrap elementor-element-populated\">\n\t\t\t\t\t\t\t\t<div class=\"elementor-element elementor-element-0e917ea elementor-widget elementor-widget-heading\" data-id=\"0e917ea\" data-element_type=\"widget\" data-widget_type=\"heading.default\">\n\t\t\t\t<div class=\"elementor-widget-container\">\n\t\t\t<h2 class=\"elementor-heading-title elementor-size-default\">Fr\u00e9d\u00e9ric Giozzet<\/h2>\t\t<\/div>\n\t\t\t\t<\/div>\n\t\t\t\t<div class=\"elementor-element elementor-element-1ad8373 elementor-view-default elementor-widget elementor-widget-icon\" data-id=\"1ad8373\" data-element_type=\"widget\" data-widget_type=\"icon.default\">\n\t\t\t\t<div class=\"elementor-widget-container\">\n\t\t\t\t\t<div class=\"elementor-icon-wrapper\">\n\t\t\t<div class=\"elementor-icon\">\n\t\t\t\t\t\t\t<i class=\"fa fa-quote-left\" aria-hidden=\"true\"><\/i>\n\t\t\t\t\t\t<\/div>\n\t\t<\/div>\n\t\t\t\t<\/div>\n\t\t\t\t<\/div>\n\t\t\t\t<div class=\"elementor-element elementor-element-be1d861 elementor-widget elementor-widget-text-editor\" data-id=\"be1d861\" data-element_type=\"widget\" data-widget_type=\"text-editor.default\">\n\t\t\t\t<div class=\"elementor-widget-container\">\n\t\t\t\t\t\t\t<p>Par la jeunesse vient la promesse d&rsquo;un avenir meilleur!<\/p>\t\t\t\t\t\t<\/div>\n\t\t\t\t<\/div>\n\t\t\t\t<div class=\"elementor-element elementor-element-0c65999 elementor-widget elementor-widget-heading\" data-id=\"0c65999\" data-element_type=\"widget\" data-widget_type=\"heading.default\">\n\t\t\t\t<div class=\"elementor-widget-container\">\n\t\t\t<h6 class=\"elementor-heading-title elementor-size-xxl\"><p align=\"right\">La Jeune fille au pair de Joseph Joffo<font size=\"3\" color=\"black\"><strong><\/strong><\/font><\/p><\/h6>\t\t<\/div>\n\t\t\t\t<\/div>\n\t\t\t\t\t<\/div>\n\t\t<\/div>\n\t\t\t\t\t\t\t<\/div>\n\t\t<\/section>\n\t\t\t\t<section class=\"elementor-section elementor-top-section elementor-element elementor-element-a35aa51 elementor-section-boxed elementor-section-height-default elementor-section-height-default\" data-id=\"a35aa51\" data-element_type=\"section\">\n\t\t\t\t\t\t<div class=\"elementor-container elementor-column-gap-default\">\n\t\t\t\t\t<div class=\"elementor-column elementor-col-100 elementor-top-column elementor-element elementor-element-9503754\" data-id=\"9503754\" data-element_type=\"column\">\n\t\t\t<div class=\"elementor-widget-wrap elementor-element-populated\">\n\t\t\t\t\t\t\t\t<div class=\"elementor-element elementor-element-758abfe elementor-widget elementor-widget-text-editor\" data-id=\"758abfe\" data-element_type=\"widget\" data-widget_type=\"text-editor.default\">\n\t\t\t\t<div class=\"elementor-widget-container\">\n\t\t\t\t\t\t\t<p>Je travaille \u00e0 l&rsquo;UCLouvain au service d&rsquo;Aide aux \u00e9tudiants. J&rsquo;y exerce la profession d&rsquo;assistant social, mon job consiste principalement \u00e0 soutenir les \u00e9tudiants qui rencontrent des difficult\u00e9s socio-\u00e9conomiques.<\/p><p>A c\u00f4t\u00e9 de mon travail \u00e0 l\u2019UCLouvain, je suis un sportif (tennis, running, squash, vtt), un marcheur (particuli\u00e8rement pour des promenades en famille). Par ailleurs, je suis investi dans le monde associatif.<\/p><p>Je souhaite m&rsquo;investir dans ce projet car une partie de ma vie professionnelle est d\u00e9di\u00e9e \u00e0 la formation de futurs travailleurs sociaux, la formation et l&rsquo;\u00e9ducation de nos jeunes sont fondamentales pour soutenir des adultes engag\u00e9s et responsables dans le futur !\u00a0 Ce projet correspond \u00e0 mes valeurs et \u00e0 mes engagements !<\/p><p>\u00a0<\/p>\t\t\t\t\t\t<\/div>\n\t\t\t\t<\/div>\n\t\t\t\t\t<\/div>\n\t\t<\/div>\n\t\t\t\t\t\t\t<\/div>\n\t\t<\/section>\n\t\t\t\t<section class=\"elementor-section elementor-top-section elementor-element elementor-element-1a1c0f3 elementor-section-content-middle elementor-section-boxed elementor-section-height-default elementor-section-height-default\" data-id=\"1a1c0f3\" data-element_type=\"section\" data-settings=\"{&quot;background_background&quot;:&quot;classic&quot;}\">\n\t\t\t\t\t\t<div class=\"elementor-container elementor-column-gap-default\">\n\t\t\t\t\t<div class=\"elementor-column elementor-col-100 elementor-top-column elementor-element elementor-element-c836aec\" data-id=\"c836aec\" data-element_type=\"column\">\n\t\t\t<div class=\"elementor-widget-wrap elementor-element-populated\">\n\t\t\t\t\t\t\t\t<section class=\"elementor-section elementor-inner-section elementor-element elementor-element-8d6e0f8 elementor-section-boxed elementor-section-height-default elementor-section-height-default\" data-id=\"8d6e0f8\" data-element_type=\"section\">\n\t\t\t\t\t\t<div class=\"elementor-container elementor-column-gap-default\">\n\t\t\t\t\t<div class=\"elementor-column elementor-col-33 elementor-inner-column elementor-element elementor-element-68c4f99\" data-id=\"68c4f99\" data-element_type=\"column\">\n\t\t\t<div class=\"elementor-widget-wrap elementor-element-populated\">\n\t\t\t\t\t\t\t\t<div class=\"elementor-element elementor-element-a5c787a elementor-widget elementor-widget-text-editor\" data-id=\"a5c787a\" data-element_type=\"widget\" data-widget_type=\"text-editor.default\">\n\t\t\t\t<div class=\"elementor-widget-container\">\n\t\t\t\t\t\t\t<p>By Quartier Jeunes asbl &#8211; mai 2020<\/p>\t\t\t\t\t\t<\/div>\n\t\t\t\t<\/div>\n\t\t\t\t\t<\/div>\n\t\t<\/div>\n\t\t\t\t<div class=\"elementor-column elementor-col-33 elementor-inner-column elementor-element elementor-element-a72853d\" data-id=\"a72853d\" data-element_type=\"column\">\n\t\t\t<div class=\"elementor-widget-wrap elementor-element-populated\">\n\t\t\t\t\t\t\t\t<div class=\"elementor-element elementor-element-5bf3af7 elementor-shape-rounded elementor-grid-0 e-grid-align-center elementor-widget elementor-widget-social-icons\" data-id=\"5bf3af7\" data-element_type=\"widget\" data-widget_type=\"social-icons.default\">\n\t\t\t\t<div class=\"elementor-widget-container\">\n\t\t\t\t\t<div class=\"elementor-social-icons-wrapper elementor-grid\">\n\t\t\t\t\t\t\t<span class=\"elementor-grid-item\">\n\t\t\t\t\t<a class=\"elementor-icon elementor-social-icon elementor-social-icon-facebook elementor-repeater-item-58498b5\" href=\"https:\/\/www.facebook.com\/QuartierjeunesBeauraing\" target=\"_blank\">\n\t\t\t\t\t\t<span class=\"elementor-screen-only\">Facebook<\/span>\n\t\t\t\t\t\t<i class=\"fab fa-facebook\"><\/i>\t\t\t\t\t<\/a>\n\t\t\t\t<\/span>\n\t\t\t\t\t\t\t<span class=\"elementor-grid-item\">\n\t\t\t\t\t<a class=\"elementor-icon elementor-social-icon elementor-social-icon-instagram elementor-repeater-item-17128ba\" href=\"https:\/\/www.instagram.com\/quartier_jeunes_beauraing\/?hl=fr\" target=\"_blank\">\n\t\t\t\t\t\t<span class=\"elementor-screen-only\">Instagram<\/span>\n\t\t\t\t\t\t<i class=\"fab fa-instagram\"><\/i>\t\t\t\t\t<\/a>\n\t\t\t\t<\/span>\n\t\t\t\t\t<\/div>\n\t\t\t\t<\/div>\n\t\t\t\t<\/div>\n\t\t\t\t\t<\/div>\n\t\t<\/div>\n\t\t\t\t<div class=\"elementor-column elementor-col-33 elementor-inner-column elementor-element elementor-element-9127efa\" data-id=\"9127efa\" data-element_type=\"column\">\n\t\t\t<div class=\"elementor-widget-wrap elementor-element-populated\">\n\t\t\t\t\t\t\t\t<div class=\"elementor-element elementor-element-776942b elementor-align-center elementor-widget elementor-widget-button\" data-id=\"776942b\" data-element_type=\"widget\" data-widget_type=\"button.default\">\n\t\t\t\t<div class=\"elementor-widget-container\">\n\t\t\t\t\t<div class=\"elementor-button-wrapper\">\n\t\t\t<a class=\"elementor-button elementor-button-link elementor-size-sm\" href=\"https:\/\/quartierjeunes.be\/index.php\/politique-de-confidentialite\/\">\n\t\t\t\t\t\t<span class=\"elementor-button-content-wrapper\">\n\t\t\t\t\t\t<span class=\"elementor-button-text\">RDPG<\/span>\n\t\t<\/span>\n\t\t\t\t\t<\/a>\n\t\t<\/div>\n\t\t\t\t<\/div>\n\t\t\t\t<\/div>\n\t\t\t\t\t<\/div>\n\t\t<\/div>\n\t\t\t\t\t\t\t<\/div>\n\t\t<\/section>\n\t\t\t\t\t<\/div>\n\t\t<\/div>\n\t\t\t\t\t\t\t<\/div>\n\t\t<\/section>\n\t\t\t\t\t\t\t<\/div>\n\t\t","protected":false},"excerpt":{"rendered":"<p>Pr\u00e9c\u00e8dent Suivant Fr\u00e9d\u00e9ric Giozzet Par la jeunesse vient la promesse d&rsquo;un avenir meilleur! La Jeune fille au pair de Joseph Joffo Je travaille \u00e0 l&rsquo;UCLouvain au service d&rsquo;Aide aux \u00e9tudiants. J&rsquo;y exerce la profession d&rsquo;assistant social, mon job consiste principalement \u00e0 soutenir les \u00e9tudiants qui rencontrent des difficult\u00e9s socio-\u00e9conomiques. A c\u00f4t\u00e9 de mon travail \u00e0 [&hellip;]<\/p>\n","protected":false},"author":1,"featured_media":0,"parent":785,"menu_order":0,"comment_status":"closed","ping_status":"closed","template":"template-parts\/template-homepage.php","meta":{"footnotes":""},"_links":{"self":[{"href":"https:\/\/quartierjeunes.be\/index.php\/wp-json\/wp\/v2\/pages\/691"}],"collection":[{"href":"https:\/\/quartierjeunes.be\/index.php\/wp-json\/wp\/v2\/pages"}],"about":[{"href":"https:\/\/quartierjeunes.be\/index.php\/wp-json\/wp\/v2\/types\/page"}],"author":[{"embeddable":true,"href":"https:\/\/quartierjeunes.be\/index.php\/wp-json\/wp\/v2\/users\/1"}],"replies":[{"embeddable":true,"href":"https:\/\/quartierjeunes.be\/index.php\/wp-json\/wp\/v2\/comments?post=691"}],"version-history":[{"count":9,"href":"https:\/\/quartierjeunes.be\/index.php\/wp-json\/wp\/v2\/pages\/691\/revisions"}],"predecessor-version":[{"id":1107,"href":"https:\/\/quartierjeunes.be\/index.php\/wp-json\/wp\/v2\/pages\/691\/revisions\/1107"}],"up":[{"embeddable":true,"href":"https:\/\/quartierjeunes.be\/index.php\/wp-json\/wp\/v2\/pages\/785"}],"wp:attachment":[{"href":"https:\/\/quartierjeunes.be\/index.php\/wp-json\/wp\/v2\/media?parent=691"}],"curies":[{"name":"wp","href":"https:\/\/api.w.org\/{rel}","templated":true}]}}