{"id":708,"date":"2020-05-05T12:10:20","date_gmt":"2020-05-05T10:10:20","guid":{"rendered":"http:\/\/quartierjeunes.be\/?page_id=708"},"modified":"2020-05-10T18:07:57","modified_gmt":"2020-05-10T16:07:57","slug":"melanie-havenne","status":"publish","type":"page","link":"https:\/\/quartierjeunes.be\/index.php\/qui-sommes-nous\/notre-equipe\/les-membres-de-lorgane-dadministration\/melanie-havenne\/","title":{"rendered":"M\u00e9lanie Havenne"},"content":{"rendered":"\t\t<div data-elementor-type=\"wp-page\" data-elementor-id=\"708\" class=\"elementor elementor-708\">\n\t\t\t\t\t\t\t\t\t<section class=\"elementor-section elementor-top-section elementor-element elementor-element-e0593d7 elementor-section-boxed elementor-section-height-default elementor-section-height-default\" data-id=\"e0593d7\" data-element_type=\"section\">\n\t\t\t\t\t\t<div class=\"elementor-container elementor-column-gap-default\">\n\t\t\t\t\t<div class=\"elementor-column elementor-col-50 elementor-top-column elementor-element elementor-element-547c324\" data-id=\"547c324\" data-element_type=\"column\">\n\t\t\t<div class=\"elementor-widget-wrap elementor-element-populated\">\n\t\t\t\t\t\t\t\t<div class=\"elementor-element elementor-element-685ac00 elementor-widget elementor-widget-button\" data-id=\"685ac00\" data-element_type=\"widget\" data-widget_type=\"button.default\">\n\t\t\t\t<div class=\"elementor-widget-container\">\n\t\t\t\t\t<div class=\"elementor-button-wrapper\">\n\t\t\t<a class=\"elementor-button elementor-button-link elementor-size-sm\" href=\"https:\/\/quartierjeunes.be\/index.php\/qui-sommes-nous\/notre-equipe\/les-membres-de-lorgane-dadministration\/jordan-scholsem\/\">\n\t\t\t\t\t\t<span class=\"elementor-button-content-wrapper\">\n\t\t\t\t\t\t<span class=\"elementor-button-text\">Pr\u00e9c\u00e9dent<\/span>\n\t\t<\/span>\n\t\t\t\t\t<\/a>\n\t\t<\/div>\n\t\t\t\t<\/div>\n\t\t\t\t<\/div>\n\t\t\t\t\t<\/div>\n\t\t<\/div>\n\t\t\t\t<div class=\"elementor-column elementor-col-50 elementor-top-column elementor-element elementor-element-32249c3\" data-id=\"32249c3\" data-element_type=\"column\">\n\t\t\t<div class=\"elementor-widget-wrap elementor-element-populated\">\n\t\t\t\t\t\t\t\t<div class=\"elementor-element elementor-element-4b7588b elementor-align-right elementor-widget elementor-widget-button\" data-id=\"4b7588b\" data-element_type=\"widget\" data-widget_type=\"button.default\">\n\t\t\t\t<div class=\"elementor-widget-container\">\n\t\t\t\t\t<div class=\"elementor-button-wrapper\">\n\t\t\t<a class=\"elementor-button elementor-button-link elementor-size-sm\" href=\"https:\/\/quartierjeunes.be\/index.php\/qui-sommes-nous\/notre-equipe\/les-membres-de-lorgane-dadministration\/frederic-giozzet\/\">\n\t\t\t\t\t\t<span class=\"elementor-button-content-wrapper\">\n\t\t\t\t\t\t<span class=\"elementor-button-text\">Suivant<\/span>\n\t\t<\/span>\n\t\t\t\t\t<\/a>\n\t\t<\/div>\n\t\t\t\t<\/div>\n\t\t\t\t<\/div>\n\t\t\t\t\t<\/div>\n\t\t<\/div>\n\t\t\t\t\t\t\t<\/div>\n\t\t<\/section>\n\t\t\t\t<section class=\"elementor-section elementor-top-section elementor-element elementor-element-144d7fa9 elementor-section-content-middle elementor-section-boxed elementor-section-height-default elementor-section-height-default\" data-id=\"144d7fa9\" data-element_type=\"section\">\n\t\t\t\t\t\t<div class=\"elementor-container elementor-column-gap-no\">\n\t\t\t\t\t<div class=\"elementor-column elementor-col-50 elementor-top-column elementor-element elementor-element-751c68b5\" data-id=\"751c68b5\" data-element_type=\"column\">\n\t\t\t<div class=\"elementor-widget-wrap elementor-element-populated\">\n\t\t\t\t\t\t\t\t<div class=\"elementor-element elementor-element-461d37c0 elementor-widget elementor-widget-image\" data-id=\"461d37c0\" data-element_type=\"widget\" data-widget_type=\"image.default\">\n\t\t\t\t<div class=\"elementor-widget-container\">\n\t\t\t\t\t\t\t\t\t\t\t\t\t\t\t<img loading=\"lazy\" decoding=\"async\" width=\"1565\" height=\"900\" src=\"https:\/\/quartierjeunes.be\/wp-content\/uploads\/2020\/05\/HAVENNE-Melanie.jpg\" class=\"attachment-full size-full wp-image-712\" alt=\"\" srcset=\"https:\/\/quartierjeunes.be\/wp-content\/uploads\/2020\/05\/HAVENNE-Melanie.jpg 1565w, https:\/\/quartierjeunes.be\/wp-content\/uploads\/2020\/05\/HAVENNE-Melanie-300x173.jpg 300w, https:\/\/quartierjeunes.be\/wp-content\/uploads\/2020\/05\/HAVENNE-Melanie-1024x589.jpg 1024w, https:\/\/quartierjeunes.be\/wp-content\/uploads\/2020\/05\/HAVENNE-Melanie-768x442.jpg 768w, https:\/\/quartierjeunes.be\/wp-content\/uploads\/2020\/05\/HAVENNE-Melanie-1536x883.jpg 1536w\" sizes=\"(max-width: 1565px) 100vw, 1565px\" \/>\t\t\t\t\t\t\t\t\t\t\t\t\t\t\t<\/div>\n\t\t\t\t<\/div>\n\t\t\t\t\t<\/div>\n\t\t<\/div>\n\t\t\t\t<div class=\"elementor-column elementor-col-50 elementor-top-column elementor-element elementor-element-4623835c\" data-id=\"4623835c\" data-element_type=\"column\">\n\t\t\t<div class=\"elementor-widget-wrap elementor-element-populated\">\n\t\t\t\t\t\t\t\t<div class=\"elementor-element elementor-element-1f43e886 elementor-widget elementor-widget-heading\" data-id=\"1f43e886\" data-element_type=\"widget\" data-widget_type=\"heading.default\">\n\t\t\t\t<div class=\"elementor-widget-container\">\n\t\t\t<h2 class=\"elementor-heading-title elementor-size-default\">M\u00e9lanie Havenne<\/h2>\t\t<\/div>\n\t\t\t\t<\/div>\n\t\t\t\t<div class=\"elementor-element elementor-element-2eec989e elementor-view-default elementor-widget elementor-widget-icon\" data-id=\"2eec989e\" data-element_type=\"widget\" data-widget_type=\"icon.default\">\n\t\t\t\t<div class=\"elementor-widget-container\">\n\t\t\t\t\t<div class=\"elementor-icon-wrapper\">\n\t\t\t<div class=\"elementor-icon\">\n\t\t\t<i aria-hidden=\"true\" class=\"fas fa-quote-left\"><\/i>\t\t\t<\/div>\n\t\t<\/div>\n\t\t\t\t<\/div>\n\t\t\t\t<\/div>\n\t\t\t\t<div class=\"elementor-element elementor-element-5e6f2776 elementor-widget elementor-widget-text-editor\" data-id=\"5e6f2776\" data-element_type=\"widget\" data-widget_type=\"text-editor.default\">\n\t\t\t\t<div class=\"elementor-widget-container\">\n\t\t\t\t\t\t\t<p>Un r\u00eave&#8230;<\/p>\t\t\t\t\t\t<\/div>\n\t\t\t\t<\/div>\n\t\t\t\t\t<\/div>\n\t\t<\/div>\n\t\t\t\t\t\t\t<\/div>\n\t\t<\/section>\n\t\t\t\t<section class=\"elementor-section elementor-top-section elementor-element elementor-element-5d89dd3 elementor-section-boxed elementor-section-height-default elementor-section-height-default\" data-id=\"5d89dd3\" data-element_type=\"section\">\n\t\t\t\t\t\t<div class=\"elementor-container elementor-column-gap-default\">\n\t\t\t\t\t<div class=\"elementor-column elementor-col-100 elementor-top-column elementor-element elementor-element-c69b286\" data-id=\"c69b286\" data-element_type=\"column\">\n\t\t\t<div class=\"elementor-widget-wrap elementor-element-populated\">\n\t\t\t\t\t\t\t\t<div class=\"elementor-element elementor-element-4c8e450 elementor-widget elementor-widget-text-editor\" data-id=\"4c8e450\" data-element_type=\"widget\" data-widget_type=\"text-editor.default\">\n\t\t\t\t<div class=\"elementor-widget-container\">\n\t\t\t\t\t\t\t<p>Depuis toujours j\u2019aspire \u00e0 voir \u00e9merger \u00e0 Beauraing un lieu o\u00f9 le talent cr\u00e9atif des jeunes sera encourag\u00e9 ; o\u00f9 ils pourront apprendre \u00e0 devenir pleinement conscients du monde qui les entoure et \u00e0 m\u00eame d\u2019en devenir les acteurs. Un lieu \u00e0 s\u2019approprier et \u00e0 r\u00e9inventer, un laboratoire de citoyennet\u00e9, centr\u00e9 sur le respect, la libert\u00e9 d\u2019expression ainsi que sur l\u2019ouverture au monde et aux autres, au-del\u00e0 des diff\u00e9rences. Ce projet \u00e9tait m\u00eame en partie \u00e0 l\u2019origine de mon engagement en politique. La rencontre de Val\u00e9rie et Roxane, pr\u00eates \u00e0 d\u00e9velopper un projet en parfaite symbiose avec ce lieu dont j\u2019avais r\u00eav\u00e9, je l\u2019ai v\u00e9cue comme un cadeau du ciel, une st-Nicolas avant l\u2019heure. J\u2019esp\u00e8re que leur pers\u00e9v\u00e9rance m\u00e8nera \u00e0 la reconnaissance. Int\u00e9grer l\u2019AG en tant que repr\u00e9sentant politique repr\u00e9sente pour moi l\u2019occasion d\u2019entendre et relayer leurs r\u00e9alit\u00e9s, attentes, r\u00e9ussites et espoirs aupr\u00e8s de mes coll\u00e8gues du coll\u00e8ge et du conseil communal. L\u2019occasion aussi de soutenir leurs initiatives par le biais d\u2019aides administratives ou logistiques.<\/p>\t\t\t\t\t\t<\/div>\n\t\t\t\t<\/div>\n\t\t\t\t\t<\/div>\n\t\t<\/div>\n\t\t\t\t\t\t\t<\/div>\n\t\t<\/section>\n\t\t\t\t<section class=\"elementor-section elementor-top-section elementor-element elementor-element-d5989e9 elementor-section-boxed elementor-section-height-default elementor-section-height-default\" data-id=\"d5989e9\" data-element_type=\"section\">\n\t\t\t\t\t\t<div class=\"elementor-container elementor-column-gap-default\">\n\t\t\t\t\t<div class=\"elementor-column elementor-col-100 elementor-top-column elementor-element elementor-element-a8cb108\" data-id=\"a8cb108\" data-element_type=\"column\">\n\t\t\t<div class=\"elementor-widget-wrap elementor-element-populated\">\n\t\t\t\t\t\t\t\t<div class=\"elementor-element elementor-element-213f556 elementor-arrows-position-inside elementor-pagination-position-outside elementor-widget elementor-widget-image-carousel\" data-id=\"213f556\" data-element_type=\"widget\" data-settings=\"{&quot;navigation&quot;:&quot;both&quot;,&quot;autoplay&quot;:&quot;yes&quot;,&quot;pause_on_hover&quot;:&quot;yes&quot;,&quot;pause_on_interaction&quot;:&quot;yes&quot;,&quot;autoplay_speed&quot;:5000,&quot;infinite&quot;:&quot;yes&quot;,&quot;speed&quot;:500}\" data-widget_type=\"image-carousel.default\">\n\t\t\t\t<div class=\"elementor-widget-container\">\n\t\t\t\t\t<div class=\"elementor-image-carousel-wrapper swiper-container\" dir=\"ltr\">\n\t\t\t<div class=\"elementor-image-carousel swiper-wrapper\" aria-live=\"off\">\n\t\t\t\t\t\t\t\t<div class=\"swiper-slide\" role=\"group\" aria-roledescription=\"slide\" aria-label=\"1 sur 2\"><figure class=\"swiper-slide-inner\"><img decoding=\"async\" class=\"swiper-slide-image\" src=\"https:\/\/quartierjeunes.be\/wp-content\/uploads\/2020\/05\/voeux-de-la-commune-150x150.jpg\" alt=\"voeux de la commune\" \/><\/figure><\/div><div class=\"swiper-slide\" role=\"group\" aria-roledescription=\"slide\" aria-label=\"2 sur 2\"><figure class=\"swiper-slide-inner\"><img decoding=\"async\" class=\"swiper-slide-image\" src=\"https:\/\/quartierjeunes.be\/wp-content\/uploads\/2020\/02\/M\u00e9d\u00e9-et-Laura-150x150.jpg\" alt=\"M\u00e9d\u00e9 et Laura\" \/><\/figure><\/div>\t\t\t<\/div>\n\t\t\t\t\t\t\t\t\t\t\t\t<div class=\"elementor-swiper-button elementor-swiper-button-prev\" role=\"button\" tabindex=\"0\">\n\t\t\t\t\t\t<i aria-hidden=\"true\" class=\"eicon-chevron-left\"><\/i>\t\t\t\t\t<\/div>\n\t\t\t\t\t<div class=\"elementor-swiper-button elementor-swiper-button-next\" role=\"button\" tabindex=\"0\">\n\t\t\t\t\t\t<i aria-hidden=\"true\" class=\"eicon-chevron-right\"><\/i>\t\t\t\t\t<\/div>\n\t\t\t\t\n\t\t\t\t\t\t\t\t\t<div class=\"swiper-pagination\"><\/div>\n\t\t\t\t\t\t\t\t\t<\/div>\n\t\t\t\t<\/div>\n\t\t\t\t<\/div>\n\t\t\t\t\t<\/div>\n\t\t<\/div>\n\t\t\t\t\t\t\t<\/div>\n\t\t<\/section>\n\t\t\t\t<section class=\"elementor-section elementor-top-section elementor-element elementor-element-a96e175 elementor-section-boxed elementor-section-height-default elementor-section-height-default\" data-id=\"a96e175\" data-element_type=\"section\">\n\t\t\t\t\t\t<div class=\"elementor-container elementor-column-gap-default\">\n\t\t\t\t\t<div class=\"elementor-column elementor-col-100 elementor-top-column elementor-element elementor-element-cf2e4b4\" data-id=\"cf2e4b4\" data-element_type=\"column\">\n\t\t\t<div class=\"elementor-widget-wrap\">\n\t\t\t\t\t\t\t\t\t<\/div>\n\t\t<\/div>\n\t\t\t\t\t\t\t<\/div>\n\t\t<\/section>\n\t\t\t\t<section class=\"elementor-section elementor-top-section elementor-element elementor-element-afedad7 elementor-section-content-middle elementor-section-boxed elementor-section-height-default elementor-section-height-default\" data-id=\"afedad7\" data-element_type=\"section\" data-settings=\"{&quot;background_background&quot;:&quot;classic&quot;}\">\n\t\t\t\t\t\t<div class=\"elementor-container elementor-column-gap-default\">\n\t\t\t\t\t<div class=\"elementor-column elementor-col-100 elementor-top-column elementor-element elementor-element-2990c3a\" data-id=\"2990c3a\" data-element_type=\"column\">\n\t\t\t<div class=\"elementor-widget-wrap elementor-element-populated\">\n\t\t\t\t\t\t\t\t<section class=\"elementor-section elementor-inner-section elementor-element elementor-element-be506ca elementor-section-boxed elementor-section-height-default elementor-section-height-default\" data-id=\"be506ca\" data-element_type=\"section\">\n\t\t\t\t\t\t<div class=\"elementor-container elementor-column-gap-default\">\n\t\t\t\t\t<div class=\"elementor-column elementor-col-33 elementor-inner-column elementor-element elementor-element-ec48e30\" data-id=\"ec48e30\" data-element_type=\"column\">\n\t\t\t<div class=\"elementor-widget-wrap elementor-element-populated\">\n\t\t\t\t\t\t\t\t<div class=\"elementor-element elementor-element-9d7b72c elementor-widget elementor-widget-text-editor\" data-id=\"9d7b72c\" data-element_type=\"widget\" data-widget_type=\"text-editor.default\">\n\t\t\t\t<div class=\"elementor-widget-container\">\n\t\t\t\t\t\t\t<p>By Quartier Jeunes asbl &#8211; mai 2020<\/p>\t\t\t\t\t\t<\/div>\n\t\t\t\t<\/div>\n\t\t\t\t\t<\/div>\n\t\t<\/div>\n\t\t\t\t<div class=\"elementor-column elementor-col-33 elementor-inner-column elementor-element elementor-element-6e76f1e\" data-id=\"6e76f1e\" data-element_type=\"column\">\n\t\t\t<div class=\"elementor-widget-wrap elementor-element-populated\">\n\t\t\t\t\t\t\t\t<div class=\"elementor-element elementor-element-4c903fd elementor-shape-rounded elementor-grid-0 e-grid-align-center elementor-widget elementor-widget-social-icons\" data-id=\"4c903fd\" data-element_type=\"widget\" data-widget_type=\"social-icons.default\">\n\t\t\t\t<div class=\"elementor-widget-container\">\n\t\t\t\t\t<div class=\"elementor-social-icons-wrapper elementor-grid\">\n\t\t\t\t\t\t\t<span class=\"elementor-grid-item\">\n\t\t\t\t\t<a class=\"elementor-icon elementor-social-icon elementor-social-icon-facebook elementor-repeater-item-58498b5\" href=\"https:\/\/www.facebook.com\/QuartierjeunesBeauraing\" target=\"_blank\">\n\t\t\t\t\t\t<span class=\"elementor-screen-only\">Facebook<\/span>\n\t\t\t\t\t\t<i class=\"fab fa-facebook\"><\/i>\t\t\t\t\t<\/a>\n\t\t\t\t<\/span>\n\t\t\t\t\t\t\t<span class=\"elementor-grid-item\">\n\t\t\t\t\t<a class=\"elementor-icon elementor-social-icon elementor-social-icon-instagram elementor-repeater-item-17128ba\" href=\"https:\/\/www.instagram.com\/quartier_jeunes_beauraing\/?hl=fr\" target=\"_blank\">\n\t\t\t\t\t\t<span class=\"elementor-screen-only\">Instagram<\/span>\n\t\t\t\t\t\t<i class=\"fab fa-instagram\"><\/i>\t\t\t\t\t<\/a>\n\t\t\t\t<\/span>\n\t\t\t\t\t<\/div>\n\t\t\t\t<\/div>\n\t\t\t\t<\/div>\n\t\t\t\t\t<\/div>\n\t\t<\/div>\n\t\t\t\t<div class=\"elementor-column elementor-col-33 elementor-inner-column elementor-element elementor-element-cf3cd83\" data-id=\"cf3cd83\" data-element_type=\"column\">\n\t\t\t<div class=\"elementor-widget-wrap elementor-element-populated\">\n\t\t\t\t\t\t\t\t<div class=\"elementor-element elementor-element-f01435e elementor-align-center elementor-widget elementor-widget-button\" data-id=\"f01435e\" data-element_type=\"widget\" data-widget_type=\"button.default\">\n\t\t\t\t<div class=\"elementor-widget-container\">\n\t\t\t\t\t<div class=\"elementor-button-wrapper\">\n\t\t\t<a class=\"elementor-button elementor-button-link elementor-size-sm\" href=\"https:\/\/quartierjeunes.be\/index.php\/politique-de-confidentialite\/\">\n\t\t\t\t\t\t<span class=\"elementor-button-content-wrapper\">\n\t\t\t\t\t\t<span class=\"elementor-button-text\">RDPG<\/span>\n\t\t<\/span>\n\t\t\t\t\t<\/a>\n\t\t<\/div>\n\t\t\t\t<\/div>\n\t\t\t\t<\/div>\n\t\t\t\t\t<\/div>\n\t\t<\/div>\n\t\t\t\t\t\t\t<\/div>\n\t\t<\/section>\n\t\t\t\t\t<\/div>\n\t\t<\/div>\n\t\t\t\t\t\t\t<\/div>\n\t\t<\/section>\n\t\t\t\t\t\t\t<\/div>\n\t\t","protected":false},"excerpt":{"rendered":"<p>Pr\u00e9c\u00e9dent Suivant M\u00e9lanie Havenne Un r\u00eave&#8230; Depuis toujours j\u2019aspire \u00e0 voir \u00e9merger \u00e0 Beauraing un lieu o\u00f9 le talent cr\u00e9atif des jeunes sera encourag\u00e9 ; o\u00f9 ils pourront apprendre \u00e0 devenir pleinement conscients du monde qui les entoure et \u00e0 m\u00eame d\u2019en devenir les acteurs. Un lieu \u00e0 s\u2019approprier et \u00e0 r\u00e9inventer, un laboratoire de [&hellip;]<\/p>\n","protected":false},"author":1,"featured_media":0,"parent":785,"menu_order":0,"comment_status":"closed","ping_status":"closed","template":"template-parts\/template-homepage.php","meta":{"footnotes":""},"_links":{"self":[{"href":"https:\/\/quartierjeunes.be\/index.php\/wp-json\/wp\/v2\/pages\/708"}],"collection":[{"href":"https:\/\/quartierjeunes.be\/index.php\/wp-json\/wp\/v2\/pages"}],"about":[{"href":"https:\/\/quartierjeunes.be\/index.php\/wp-json\/wp\/v2\/types\/page"}],"author":[{"embeddable":true,"href":"https:\/\/quartierjeunes.be\/index.php\/wp-json\/wp\/v2\/users\/1"}],"replies":[{"embeddable":true,"href":"https:\/\/quartierjeunes.be\/index.php\/wp-json\/wp\/v2\/comments?post=708"}],"version-history":[{"count":5,"href":"https:\/\/quartierjeunes.be\/index.php\/wp-json\/wp\/v2\/pages\/708\/revisions"}],"predecessor-version":[{"id":1110,"href":"https:\/\/quartierjeunes.be\/index.php\/wp-json\/wp\/v2\/pages\/708\/revisions\/1110"}],"up":[{"embeddable":true,"href":"https:\/\/quartierjeunes.be\/index.php\/wp-json\/wp\/v2\/pages\/785"}],"wp:attachment":[{"href":"https:\/\/quartierjeunes.be\/index.php\/wp-json\/wp\/v2\/media?parent=708"}],"curies":[{"name":"wp","href":"https:\/\/api.w.org\/{rel}","templated":true}]}}