{"id":839,"date":"2020-05-06T12:45:44","date_gmt":"2020-05-06T10:45:44","guid":{"rendered":"https:\/\/quartierjeunes.be\/?page_id=839"},"modified":"2020-06-27T17:20:07","modified_gmt":"2020-06-27T15:20:07","slug":"chloe-querton","status":"publish","type":"page","link":"https:\/\/quartierjeunes.be\/index.php\/qui-sommes-nous\/notre-equipe\/les-membres-de-lorgane-dadministration\/chloe-querton\/","title":{"rendered":"Chlo\u00e9 Querton"},"content":{"rendered":"\t\t<div data-elementor-type=\"wp-page\" data-elementor-id=\"839\" class=\"elementor elementor-839\">\n\t\t\t\t\t\t\t\t\t<section class=\"elementor-section elementor-top-section elementor-element elementor-element-a349287 elementor-section-boxed elementor-section-height-default elementor-section-height-default\" data-id=\"a349287\" data-element_type=\"section\">\n\t\t\t\t\t\t<div class=\"elementor-container elementor-column-gap-default\">\n\t\t\t\t\t<div class=\"elementor-column elementor-col-50 elementor-top-column elementor-element elementor-element-ef794c6\" data-id=\"ef794c6\" data-element_type=\"column\">\n\t\t\t<div class=\"elementor-widget-wrap elementor-element-populated\">\n\t\t\t\t\t\t\t\t<div class=\"elementor-element elementor-element-6d3b252 elementor-widget elementor-widget-button\" data-id=\"6d3b252\" data-element_type=\"widget\" data-widget_type=\"button.default\">\n\t\t\t\t<div class=\"elementor-widget-container\">\n\t\t\t\t\t<div class=\"elementor-button-wrapper\">\n\t\t\t<a class=\"elementor-button elementor-button-link elementor-size-sm\" href=\"https:\/\/quartierjeunes.be\/index.php\/qui-sommes-nous\/notre-equipe\/les-membres-de-lorgane-dadministration\/thomas-lambotte\/\">\n\t\t\t\t\t\t<span class=\"elementor-button-content-wrapper\">\n\t\t\t\t\t\t<span class=\"elementor-button-text\">Pr\u00e9c\u00e9dent<\/span>\n\t\t<\/span>\n\t\t\t\t\t<\/a>\n\t\t<\/div>\n\t\t\t\t<\/div>\n\t\t\t\t<\/div>\n\t\t\t\t\t<\/div>\n\t\t<\/div>\n\t\t\t\t<div class=\"elementor-column elementor-col-50 elementor-top-column elementor-element elementor-element-0bf7072\" data-id=\"0bf7072\" data-element_type=\"column\">\n\t\t\t<div class=\"elementor-widget-wrap elementor-element-populated\">\n\t\t\t\t\t\t\t\t<div class=\"elementor-element elementor-element-3062975 elementor-align-right elementor-widget elementor-widget-button\" data-id=\"3062975\" data-element_type=\"widget\" data-widget_type=\"button.default\">\n\t\t\t\t<div class=\"elementor-widget-container\">\n\t\t\t\t\t<div class=\"elementor-button-wrapper\">\n\t\t\t<a class=\"elementor-button elementor-button-link elementor-size-sm\" href=\"https:\/\/quartierjeunes.be\/index.php\/qui-sommes-nous\/notre-equipe\/les-membres-de-lorgane-dadministration\/doris-dumbruch\/\">\n\t\t\t\t\t\t<span class=\"elementor-button-content-wrapper\">\n\t\t\t\t\t\t<span class=\"elementor-button-text\">Suivant<\/span>\n\t\t<\/span>\n\t\t\t\t\t<\/a>\n\t\t<\/div>\n\t\t\t\t<\/div>\n\t\t\t\t<\/div>\n\t\t\t\t\t<\/div>\n\t\t<\/div>\n\t\t\t\t\t\t\t<\/div>\n\t\t<\/section>\n\t\t\t\t<section class=\"elementor-section elementor-top-section elementor-element elementor-element-765907b9 elementor-section-content-middle elementor-section-boxed elementor-section-height-default elementor-section-height-default\" data-id=\"765907b9\" data-element_type=\"section\">\n\t\t\t\t\t\t<div class=\"elementor-container elementor-column-gap-no\">\n\t\t\t\t\t<div class=\"elementor-column elementor-col-50 elementor-top-column elementor-element elementor-element-58cc1a15\" data-id=\"58cc1a15\" data-element_type=\"column\">\n\t\t\t<div class=\"elementor-widget-wrap elementor-element-populated\">\n\t\t\t\t\t\t\t\t<div class=\"elementor-element elementor-element-13661d53 elementor-widget elementor-widget-image\" data-id=\"13661d53\" data-element_type=\"widget\" data-widget_type=\"image.default\">\n\t\t\t\t<div class=\"elementor-widget-container\">\n\t\t\t\t\t\t\t\t\t\t\t\t\t\t\t<img loading=\"lazy\" decoding=\"async\" width=\"2241\" height=\"2433\" src=\"https:\/\/quartierjeunes.be\/wp-content\/uploads\/2020\/05\/PhotoQJ.jpg\" class=\"attachment-full size-full wp-image-842\" alt=\"\" srcset=\"https:\/\/quartierjeunes.be\/wp-content\/uploads\/2020\/05\/PhotoQJ.jpg 2241w, https:\/\/quartierjeunes.be\/wp-content\/uploads\/2020\/05\/PhotoQJ-276x300.jpg 276w, https:\/\/quartierjeunes.be\/wp-content\/uploads\/2020\/05\/PhotoQJ-943x1024.jpg 943w, https:\/\/quartierjeunes.be\/wp-content\/uploads\/2020\/05\/PhotoQJ-768x834.jpg 768w, https:\/\/quartierjeunes.be\/wp-content\/uploads\/2020\/05\/PhotoQJ-1415x1536.jpg 1415w, https:\/\/quartierjeunes.be\/wp-content\/uploads\/2020\/05\/PhotoQJ-1886x2048.jpg 1886w\" sizes=\"(max-width: 2241px) 100vw, 2241px\" \/>\t\t\t\t\t\t\t\t\t\t\t\t\t\t\t<\/div>\n\t\t\t\t<\/div>\n\t\t\t\t\t<\/div>\n\t\t<\/div>\n\t\t\t\t<div class=\"elementor-column elementor-col-50 elementor-top-column elementor-element elementor-element-6c157515\" data-id=\"6c157515\" data-element_type=\"column\">\n\t\t\t<div class=\"elementor-widget-wrap elementor-element-populated\">\n\t\t\t\t\t\t\t\t<div class=\"elementor-element elementor-element-228c34a3 elementor-widget elementor-widget-heading\" data-id=\"228c34a3\" data-element_type=\"widget\" data-widget_type=\"heading.default\">\n\t\t\t\t<div class=\"elementor-widget-container\">\n\t\t\t<h2 class=\"elementor-heading-title elementor-size-default\">Chlo\u00e9 Querton<\/h2>\t\t<\/div>\n\t\t\t\t<\/div>\n\t\t\t\t<div class=\"elementor-element elementor-element-3da50a07 elementor-view-default elementor-widget elementor-widget-icon\" data-id=\"3da50a07\" data-element_type=\"widget\" data-widget_type=\"icon.default\">\n\t\t\t\t<div class=\"elementor-widget-container\">\n\t\t\t\t\t<div class=\"elementor-icon-wrapper\">\n\t\t\t<div class=\"elementor-icon\">\n\t\t\t\t\t\t\t<i class=\"fa fa-quote-left\" aria-hidden=\"true\"><\/i>\n\t\t\t\t\t\t<\/div>\n\t\t<\/div>\n\t\t\t\t<\/div>\n\t\t\t\t<\/div>\n\t\t\t\t<div class=\"elementor-element elementor-element-448e5093 elementor-widget elementor-widget-text-editor\" data-id=\"448e5093\" data-element_type=\"widget\" data-widget_type=\"text-editor.default\">\n\t\t\t\t<div class=\"elementor-widget-container\">\n\t\t\t\t\t\t\t<p><i>La vie, c&rsquo;est comme une bicyclette, il faut avancer pour ne pas perdre l&rsquo;\u00e9quilibre. <br \/><\/i><\/p><p><i> Albert Einstein<\/i><\/p>\t\t\t\t\t\t<\/div>\n\t\t\t\t<\/div>\n\t\t\t\t\t<\/div>\n\t\t<\/div>\n\t\t\t\t\t\t\t<\/div>\n\t\t<\/section>\n\t\t\t\t<section class=\"elementor-section elementor-top-section elementor-element elementor-element-5599960 elementor-section-boxed elementor-section-height-default elementor-section-height-default\" data-id=\"5599960\" data-element_type=\"section\">\n\t\t\t\t\t\t<div class=\"elementor-container elementor-column-gap-default\">\n\t\t\t\t\t<div class=\"elementor-column elementor-col-100 elementor-top-column elementor-element elementor-element-22b0c55\" data-id=\"22b0c55\" data-element_type=\"column\">\n\t\t\t<div class=\"elementor-widget-wrap elementor-element-populated\">\n\t\t\t\t\t\t\t\t<div class=\"elementor-element elementor-element-cc9db12 elementor-widget elementor-widget-text-editor\" data-id=\"cc9db12\" data-element_type=\"widget\" data-widget_type=\"text-editor.default\">\n\t\t\t\t<div class=\"elementor-widget-container\">\n\t\t\t\t\t\t\t<p class=\"x_MsoNormal\">Quand mon compagnon essayait de me convaincre de venir m\u2019installer par ici, je suis longtemps rest\u00e9e h\u00e9sitante, songeant \u00e0 ce dicton qu\u2019il m\u2019avait si souvent martel\u00e9\u00a0: \u00ab\u00a0Beauraing, c\u2019est bien, mais y a rien\u00a0\u00bb. Quelle ne fut pas ma surprise lorsque j\u2019ai pu constater que Beauraing ne se r\u00e9sumait pas aux apparitions, mais \u00e9tait une petite ville grouillante de vie ! Il y a tellement \u00e0 y d\u00e9couvrir et \u00e0 y vivre, et le Quartier Jeunes en est le parfait exemple.<\/p><p class=\"x_MsoNormal\">Qu\u2019est-ce que j\u2019aurais r\u00eav\u00e9 avoir une maison de jeunes pr\u00e8s de chez moi quand j\u2019\u00e9tais adolescente&#8230; C\u2019est sans doute pour \u00e7a que, lorsque Val\u00e9rie m\u2019a propos\u00e9, les yeux p\u00e9tillants d\u2019enthousiasme, d\u2019int\u00e9grer l\u2019\u00e9quipe du QJ, j\u2019ai tout de suite accept\u00e9 de me lancer dans l\u2019aventure. D\u2019autant plus que, r\u00e9cemment expatri\u00e9e dans la r\u00e9gion, l\u2019id\u00e9e de pouvoir tisser des liens avec les gens du coin, jeunes ou moins jeunes, me r\u00e9jouissait\u00a0!<\/p><p class=\"x_MsoNormal\">\u00c0 l\u2019heure actuelle, j\u2019enseigne l\u2019anglais (et parfois l\u2019espagnol) dans le secondaire. Le Quartier Jeunes repr\u00e9sente pour moi aussi l\u2019opportunit\u00e9 de partager des moments avec les jeunes dans un cadre diff\u00e9rent de celui de l\u2019\u00e9cole, plus souple, o\u00f9 l\u2019on peut \u00e9changer peut-\u00eatre plus librement. Au sein de l\u2019association, j\u2019ai \u00e9t\u00e9 d\u00e9sign\u00e9e comme tr\u00e9sori\u00e8re. Je vais donc m\u2019amuser \u00e0 faire les comptes de temps \u00e0 autre, en attendant de pouvoir mettre sur pied ce qui me tient vraiment \u00e0 c\u0153ur\u00a0: organiser des activit\u00e9s ou des ateliers linguistiques au QJ pour partager ma passion des langues \u00e9trang\u00e8res. Mais tout vient \u00e0 point \u00e0 qui sait attendre, une chose \u00e0 la fois&#8230;\u00a0\ud83d\ude09 \u00a0<\/p><p>\u00a0<\/p>\t\t\t\t\t\t<\/div>\n\t\t\t\t<\/div>\n\t\t\t\t\t<\/div>\n\t\t<\/div>\n\t\t\t\t\t\t\t<\/div>\n\t\t<\/section>\n\t\t\t\t<section class=\"elementor-section elementor-top-section elementor-element elementor-element-ea00d9f elementor-section-boxed elementor-section-height-default elementor-section-height-default\" data-id=\"ea00d9f\" data-element_type=\"section\">\n\t\t\t\t\t\t<div class=\"elementor-container elementor-column-gap-default\">\n\t\t\t\t\t<div class=\"elementor-column elementor-col-100 elementor-top-column elementor-element elementor-element-2ba4ffc\" data-id=\"2ba4ffc\" data-element_type=\"column\">\n\t\t\t<div class=\"elementor-widget-wrap elementor-element-populated\">\n\t\t\t\t\t\t\t\t<div class=\"elementor-element elementor-element-ad7c34e elementor-arrows-position-inside elementor-pagination-position-outside elementor-widget elementor-widget-image-carousel\" data-id=\"ad7c34e\" data-element_type=\"widget\" data-settings=\"{&quot;navigation&quot;:&quot;both&quot;,&quot;autoplay&quot;:&quot;yes&quot;,&quot;pause_on_hover&quot;:&quot;yes&quot;,&quot;pause_on_interaction&quot;:&quot;yes&quot;,&quot;autoplay_speed&quot;:5000,&quot;infinite&quot;:&quot;yes&quot;,&quot;speed&quot;:500}\" data-widget_type=\"image-carousel.default\">\n\t\t\t\t<div class=\"elementor-widget-container\">\n\t\t\t\t\t<div class=\"elementor-image-carousel-wrapper swiper-container\" dir=\"ltr\">\n\t\t\t<div class=\"elementor-image-carousel swiper-wrapper\" aria-live=\"off\">\n\t\t\t\t\t\t\t\t<div class=\"swiper-slide\" role=\"group\" aria-roledescription=\"slide\" aria-label=\"1 sur 2\"><figure class=\"swiper-slide-inner\"><img decoding=\"async\" class=\"swiper-slide-image\" src=\"https:\/\/quartierjeunes.be\/wp-content\/uploads\/2020\/05\/DSCF5974-150x150.jpg\" alt=\"DSCF5974\" \/><\/figure><\/div><div class=\"swiper-slide\" role=\"group\" aria-roledescription=\"slide\" aria-label=\"2 sur 2\"><figure class=\"swiper-slide-inner\"><img decoding=\"async\" class=\"swiper-slide-image\" src=\"https:\/\/quartierjeunes.be\/wp-content\/uploads\/2020\/05\/OA-150x150.jpg\" alt=\"OA\" \/><\/figure><\/div>\t\t\t<\/div>\n\t\t\t\t\t\t\t\t\t\t\t\t<div class=\"elementor-swiper-button elementor-swiper-button-prev\" role=\"button\" tabindex=\"0\">\n\t\t\t\t\t\t<i aria-hidden=\"true\" class=\"eicon-chevron-left\"><\/i>\t\t\t\t\t<\/div>\n\t\t\t\t\t<div class=\"elementor-swiper-button elementor-swiper-button-next\" role=\"button\" tabindex=\"0\">\n\t\t\t\t\t\t<i aria-hidden=\"true\" class=\"eicon-chevron-right\"><\/i>\t\t\t\t\t<\/div>\n\t\t\t\t\n\t\t\t\t\t\t\t\t\t<div class=\"swiper-pagination\"><\/div>\n\t\t\t\t\t\t\t\t\t<\/div>\n\t\t\t\t<\/div>\n\t\t\t\t<\/div>\n\t\t\t\t\t<\/div>\n\t\t<\/div>\n\t\t\t\t\t\t\t<\/div>\n\t\t<\/section>\n\t\t\t\t<section class=\"elementor-section elementor-top-section elementor-element elementor-element-6c09ee5 elementor-section-boxed elementor-section-height-default elementor-section-height-default\" data-id=\"6c09ee5\" data-element_type=\"section\">\n\t\t\t\t\t\t<div class=\"elementor-container elementor-column-gap-default\">\n\t\t\t\t\t<div class=\"elementor-column elementor-col-100 elementor-top-column elementor-element elementor-element-0e0940f\" data-id=\"0e0940f\" data-element_type=\"column\">\n\t\t\t<div class=\"elementor-widget-wrap\">\n\t\t\t\t\t\t\t\t\t<\/div>\n\t\t<\/div>\n\t\t\t\t\t\t\t<\/div>\n\t\t<\/section>\n\t\t\t\t<section class=\"elementor-section elementor-top-section elementor-element elementor-element-fb2bfe4 elementor-section-content-middle elementor-section-boxed elementor-section-height-default elementor-section-height-default\" data-id=\"fb2bfe4\" data-element_type=\"section\" data-settings=\"{&quot;background_background&quot;:&quot;classic&quot;}\">\n\t\t\t\t\t\t<div class=\"elementor-container elementor-column-gap-default\">\n\t\t\t\t\t<div class=\"elementor-column elementor-col-100 elementor-top-column elementor-element elementor-element-004eb6e\" data-id=\"004eb6e\" data-element_type=\"column\">\n\t\t\t<div class=\"elementor-widget-wrap elementor-element-populated\">\n\t\t\t\t\t\t\t\t<section class=\"elementor-section elementor-inner-section elementor-element elementor-element-e1cedda elementor-section-boxed elementor-section-height-default elementor-section-height-default\" data-id=\"e1cedda\" data-element_type=\"section\">\n\t\t\t\t\t\t<div class=\"elementor-container elementor-column-gap-default\">\n\t\t\t\t\t<div class=\"elementor-column elementor-col-33 elementor-inner-column elementor-element elementor-element-26c60b8\" data-id=\"26c60b8\" data-element_type=\"column\">\n\t\t\t<div class=\"elementor-widget-wrap elementor-element-populated\">\n\t\t\t\t\t\t\t\t<div class=\"elementor-element elementor-element-1c4db08 elementor-widget elementor-widget-text-editor\" data-id=\"1c4db08\" data-element_type=\"widget\" data-widget_type=\"text-editor.default\">\n\t\t\t\t<div class=\"elementor-widget-container\">\n\t\t\t\t\t\t\t<p>By Quartier Jeunes asbl &#8211; mai 2020<\/p>\t\t\t\t\t\t<\/div>\n\t\t\t\t<\/div>\n\t\t\t\t\t<\/div>\n\t\t<\/div>\n\t\t\t\t<div class=\"elementor-column elementor-col-33 elementor-inner-column elementor-element elementor-element-adaa62a\" data-id=\"adaa62a\" data-element_type=\"column\">\n\t\t\t<div class=\"elementor-widget-wrap elementor-element-populated\">\n\t\t\t\t\t\t\t\t<div class=\"elementor-element elementor-element-c518c01 elementor-shape-rounded elementor-grid-0 e-grid-align-center elementor-widget elementor-widget-social-icons\" data-id=\"c518c01\" data-element_type=\"widget\" data-widget_type=\"social-icons.default\">\n\t\t\t\t<div class=\"elementor-widget-container\">\n\t\t\t\t\t<div class=\"elementor-social-icons-wrapper elementor-grid\">\n\t\t\t\t\t\t\t<span class=\"elementor-grid-item\">\n\t\t\t\t\t<a class=\"elementor-icon elementor-social-icon elementor-social-icon-facebook elementor-repeater-item-58498b5\" href=\"https:\/\/www.facebook.com\/QuartierjeunesBeauraing\" target=\"_blank\">\n\t\t\t\t\t\t<span class=\"elementor-screen-only\">Facebook<\/span>\n\t\t\t\t\t\t<i class=\"fab fa-facebook\"><\/i>\t\t\t\t\t<\/a>\n\t\t\t\t<\/span>\n\t\t\t\t\t\t\t<span class=\"elementor-grid-item\">\n\t\t\t\t\t<a class=\"elementor-icon elementor-social-icon elementor-social-icon-instagram elementor-repeater-item-17128ba\" href=\"https:\/\/www.instagram.com\/quartier_jeunes_beauraing\/?hl=fr\" target=\"_blank\">\n\t\t\t\t\t\t<span class=\"elementor-screen-only\">Instagram<\/span>\n\t\t\t\t\t\t<i class=\"fab fa-instagram\"><\/i>\t\t\t\t\t<\/a>\n\t\t\t\t<\/span>\n\t\t\t\t\t<\/div>\n\t\t\t\t<\/div>\n\t\t\t\t<\/div>\n\t\t\t\t\t<\/div>\n\t\t<\/div>\n\t\t\t\t<div class=\"elementor-column elementor-col-33 elementor-inner-column elementor-element elementor-element-6b2ddfd\" data-id=\"6b2ddfd\" data-element_type=\"column\">\n\t\t\t<div class=\"elementor-widget-wrap elementor-element-populated\">\n\t\t\t\t\t\t\t\t<div class=\"elementor-element elementor-element-9f32ee9 elementor-align-center elementor-widget elementor-widget-button\" data-id=\"9f32ee9\" data-element_type=\"widget\" data-widget_type=\"button.default\">\n\t\t\t\t<div class=\"elementor-widget-container\">\n\t\t\t\t\t<div class=\"elementor-button-wrapper\">\n\t\t\t<a class=\"elementor-button elementor-button-link elementor-size-sm\" href=\"https:\/\/quartierjeunes.be\/index.php\/politique-de-confidentialite\/\">\n\t\t\t\t\t\t<span class=\"elementor-button-content-wrapper\">\n\t\t\t\t\t\t<span class=\"elementor-button-text\">RDPG<\/span>\n\t\t<\/span>\n\t\t\t\t\t<\/a>\n\t\t<\/div>\n\t\t\t\t<\/div>\n\t\t\t\t<\/div>\n\t\t\t\t\t<\/div>\n\t\t<\/div>\n\t\t\t\t\t\t\t<\/div>\n\t\t<\/section>\n\t\t\t\t\t<\/div>\n\t\t<\/div>\n\t\t\t\t\t\t\t<\/div>\n\t\t<\/section>\n\t\t\t\t\t\t\t<\/div>\n\t\t","protected":false},"excerpt":{"rendered":"<p>Pr\u00e9c\u00e9dent Suivant Chlo\u00e9 Querton La vie, c&rsquo;est comme une bicyclette, il faut avancer pour ne pas perdre l&rsquo;\u00e9quilibre. Albert Einstein Quand mon compagnon essayait de me convaincre de venir m\u2019installer par ici, je suis longtemps rest\u00e9e h\u00e9sitante, songeant \u00e0 ce dicton qu\u2019il m\u2019avait si souvent martel\u00e9\u00a0: \u00ab\u00a0Beauraing, c\u2019est bien, mais y a rien\u00a0\u00bb. Quelle ne [&hellip;]<\/p>\n","protected":false},"author":1,"featured_media":0,"parent":785,"menu_order":0,"comment_status":"closed","ping_status":"closed","template":"template-parts\/template-homepage.php","meta":{"footnotes":""},"_links":{"self":[{"href":"https:\/\/quartierjeunes.be\/index.php\/wp-json\/wp\/v2\/pages\/839"}],"collection":[{"href":"https:\/\/quartierjeunes.be\/index.php\/wp-json\/wp\/v2\/pages"}],"about":[{"href":"https:\/\/quartierjeunes.be\/index.php\/wp-json\/wp\/v2\/types\/page"}],"author":[{"embeddable":true,"href":"https:\/\/quartierjeunes.be\/index.php\/wp-json\/wp\/v2\/users\/1"}],"replies":[{"embeddable":true,"href":"https:\/\/quartierjeunes.be\/index.php\/wp-json\/wp\/v2\/comments?post=839"}],"version-history":[{"count":10,"href":"https:\/\/quartierjeunes.be\/index.php\/wp-json\/wp\/v2\/pages\/839\/revisions"}],"predecessor-version":[{"id":1268,"href":"https:\/\/quartierjeunes.be\/index.php\/wp-json\/wp\/v2\/pages\/839\/revisions\/1268"}],"up":[{"embeddable":true,"href":"https:\/\/quartierjeunes.be\/index.php\/wp-json\/wp\/v2\/pages\/785"}],"wp:attachment":[{"href":"https:\/\/quartierjeunes.be\/index.php\/wp-json\/wp\/v2\/media?parent=839"}],"curies":[{"name":"wp","href":"https:\/\/api.w.org\/{rel}","templated":true}]}}